{"id":430,"date":"2024-09-27T11:52:56","date_gmt":"2024-09-27T11:52:56","guid":{"rendered":"https:\/\/deal-traders.com\/account-types\/"},"modified":"2025-07-14T09:03:08","modified_gmt":"2025-07-14T09:03:08","slug":"account-types","status":"publish","type":"page","link":"https:\/\/markelio-global.com\/fr\/account-types\/","title":{"rendered":"Types de comptes"},"content":{"rendered":"<div class=\"inner-page-wrap account-type-page extra-space\">\r\n    <div class=\"container\">\r\n        <div class=\"row\">\r\n              \r\n\t\t\t  <div class=\"col-lg-4\"> \r\n\t\t\t       <div class=\"acc-box\">\r\n\t\t\t\t      <div class=\"acc-header\">\r\n\t\t\t\t\t\t  <div class=\"icon acc1\"><\/div>\r\n\t\t\t\t\t\t  <h3>Compte Basique<\/h3>\r\n                          <p>Con\u00e7u pour les nouveaux traders, le Compte Basique offre tous les outils essentiels et le support dont vous avez besoin pour commencer votre parcours de trading en toute confiance.<\/p>\t\t\t\t\t\t\t   \r\n\t\t\t\t\t  <\/div>\r\n\t\t\t\t\t  <div class=\"acc-content\">\r\n                          <ul>\r\n\t\t\t\t\t\t\t   <li>D\u00e9p\u00f4t initial faible<\/li> \r\n\t\t\t\t\t\t\t   <li>Acc\u00e8s aux ressources \u00e9ducatives<\/li> \r\n\t\t\t\t\t\t\t   <li>Plateforme conviviale<\/li> \r\n\t\t\t\t\t\t\t   <li>Spreads standards<\/li> \r\n\t\t\t\t\t\t\t   <li>Support client 24\/5<\/li>\r\n\t\t\t\t\t\t  <\/ul>                   \t\t\t\t\t  \r\n\t\t\t\t\t  <\/div>\r\n\t\t\t\t\t  <div class=\"acc-footer\">\r\n\t\t\t\t\t       <a href=\"https:\/\/clientzone.markelio-global.com\/fr\/real\">Ouvrir un compte<\/a>\r\n\t\t\t\t\t  <\/div>\r\n\t\t\t\t\t<\/div>\r\n\t\t\t  <\/div>\r\n\t\t\t  \r\n              <div class=\"col-lg-4 active\"> \r\n\t\t\t       <div class=\"acc-box\">\r\n\t\t\t\t      <div class=\"acc-header\">\r\n\t\t\t\t\t\t  <div class=\"icon acc2\"><\/div>\r\n\t\t\t\t\t\t  <h3>Compte Avanc\u00e9<\/h3>\r\n                          <p>Le Compte Avanc\u00e9 est id\u00e9al pour les traders ayant d\u00e9j\u00e0 une certaine exp\u00e9rience et souhaitant passer au niveau sup\u00e9rieur gr\u00e2ce \u00e0 des outils am\u00e9lior\u00e9s et un acc\u00e8s avanc\u00e9 aux march\u00e9s.<\/p>\t\t\t\t\t\t\t   \r\n\t\t\t\t\t  <\/div>\r\n\t\t\t\t\t  <div class=\"acc-content\">\r\n                          <ul>\r\n\t\t\t\t\t\t\t   <li>Options de levier plus \u00e9lev\u00e9es<\/li> \r\n\t\t\t\t\t\t\t   <li>Outils d&#8217;analyse de march\u00e9 avanc\u00e9s<\/li> \r\n\t\t\t\t\t\t\t   <li>Spreads r\u00e9duits<\/li> \r\n\t\t\t\t\t\t\t   <li>Acc\u00e8s \u00e0 des webinaires premium<\/li> \r\n\t\t\t\t\t\t\t   <li>Support client prioritaire<\/li>\r\n\t\t\t\t\t\t  <\/ul>                   \t\t\t\t\t  \r\n\t\t\t\t\t  <\/div>\r\n\t\t\t\t\t  <div class=\"acc-footer\">\r\n\t\t\t\t\t       <a href=\"https:\/\/clientzone.markelio-global.com\/fr\/real\">Ouvrir un compte<\/a>\r\n\t\t\t\t\t  <\/div>\r\n\t\t\t\t\t<\/div>\r\n\t\t\t  <\/div>\r\n\t\t\t  \r\n              <div class=\"col-lg-4\"> \r\n\t\t\t       <div class=\"acc-box\">\r\n\t\t\t\t      <div class=\"acc-header\">\r\n\t\t\t\t\t\t  <div class=\"icon acc3\"><\/div>\r\n\t\t\t\t\t\t  <h3>Compte Pro<\/h3>\r\n                          <p>Destin\u00e9 aux traders professionnels, le Compte Pro offre des conditions de trading \u00e9lite, un service prioritaire et la gamme d&#8217;outils la plus compl\u00e8te.<\/p>\t\t\t\t\t\t\t   \r\n\t\t\t\t\t  <\/div>\r\n\t\t\t\t\t  <div class=\"acc-content\">\r\n                          <ul>\r\n\t\t\t\t\t\t\t   <li>Gestionnaire de compte personnel<\/li> \r\n\t\t\t\t\t\t\t   <li>Spreads ultra-faibles<\/li> \r\n\t\t\t\t\t\t\t   <li>Plateforme de trading personnalisable<\/li> \r\n\t\t\t\t\t\t\t   <li>Support 24\/7<\/li> \r\n\t\t\t\t\t\t\t   <li>Traitement prioritaire des retraits<\/li>\r\n\t\t\t\t\t\t  <\/ul>                   \t\t\t\t\t  \r\n\t\t\t\t\t  <\/div>\r\n\t\t\t\t\t  <div class=\"acc-footer\">\r\n\t\t\t\t\t       <a href=\"https:\/\/clientzone.markelio-global.com\/fr\/real\">Ouvrir un compte<\/a>\r\n\t\t\t\t\t  <\/div>\r\n\t\t\t\t\t<\/div>\r\n\t\t\t  <\/div>\r\n\t\t\t  \r\n\t\t\t<\/div>     \t   \r\n\t  <\/div>\r\n<\/div>   \r\n","protected":false},"excerpt":{"rendered":"Compte Basique Con\u00e7u pour les nouveaux traders, le Compte Basique offre tous les outils essentiels et le support dont vous avez besoin pour commencer votre parcours de trading en toute confiance. D\u00e9p\u00f4t initial faible Acc\u00e8s aux ressources \u00e9ducatives Plateforme conviviale Spreads standards Support client 24\/5 Ouvrir un compte Compte Avanc\u00e9 Le Compte Avanc\u00e9 est id\u00e9al &hellip;","protected":false},"author":1,"featured_media":0,"parent":0,"menu_order":0,"comment_status":"closed","ping_status":"closed","template":"fullwidth-page.php","meta":{"footnotes":""},"class_list":["post-430","page","type-page","status-publish","hentry"],"_links":{"self":[{"href":"https:\/\/markelio-global.com\/fr\/wp-json\/wp\/v2\/pages\/430","targetHints":{"allow":["GET"]}}],"collection":[{"href":"https:\/\/markelio-global.com\/fr\/wp-json\/wp\/v2\/pages"}],"about":[{"href":"https:\/\/markelio-global.com\/fr\/wp-json\/wp\/v2\/types\/page"}],"author":[{"embeddable":true,"href":"https:\/\/markelio-global.com\/fr\/wp-json\/wp\/v2\/users\/1"}],"replies":[{"embeddable":true,"href":"https:\/\/markelio-global.com\/fr\/wp-json\/wp\/v2\/comments?post=430"}],"version-history":[{"count":6,"href":"https:\/\/markelio-global.com\/fr\/wp-json\/wp\/v2\/pages\/430\/revisions"}],"predecessor-version":[{"id":663,"href":"https:\/\/markelio-global.com\/fr\/wp-json\/wp\/v2\/pages\/430\/revisions\/663"}],"wp:attachment":[{"href":"https:\/\/markelio-global.com\/fr\/wp-json\/wp\/v2\/media?parent=430"}],"curies":[{"name":"wp","href":"https:\/\/api.w.org\/{rel}","templated":true}]}}