{"id":436,"date":"2024-09-29T16:20:08","date_gmt":"2024-09-29T16:20:08","guid":{"rendered":"https:\/\/deal-traders.com\/commodities\/"},"modified":"2025-06-20T11:07:16","modified_gmt":"2025-06-20T11:07:16","slug":"commodities","status":"publish","type":"page","link":"https:\/\/markelio-global.com\/fr\/commodities\/","title":{"rendered":"Mati\u00e8res premi\u00e8res"},"content":{"rendered":"<div class=\"inner-page-wrap commodities-page\">\r\n\r\n<div class=\"com-top\">\r\n  <div class=\"container\">\r\n    <div class=\"row\">\r\n         <div class=\"col-lg-3\">\r\n\t\t    <img decoding=\"async\" class=\"img-fluid\" src=\"\/wp-content\/themes\/website-theme\/images\/comm-img-01.webp\" alt=\"\">\r\n\t     <\/div>\r\n\t    <div class=\"col-lg-9\">\r\n\t\t  <h3>Naviguer dans le Monde du Trading de Mati\u00e8res Premi\u00e8res : Opportunit\u00e9s, Strat\u00e9gies et Perspectives<\/h3>\r\n\t\t  <p>Le trading de mati\u00e8res premi\u00e8res offre un domaine dynamique aux investisseurs souhaitant diversifier leurs portefeuilles et tirer parti des fluctuations du march\u00e9. Ce march\u00e9 couvre une large gamme d&#8217;actifs tangibles, notamment les produits agricoles, les m\u00e9taux et les ressources \u00e9nerg\u00e9tiques, chacun \u00e9tant influenc\u00e9 par des facteurs uniques tels que l&#8217;offre et la demande mondiales, les \u00e9v\u00e9nements g\u00e9opolitiques et les indicateurs \u00e9conomiques. \u00c0 mesure que l&#8217;\u00e9conomie mondiale devient de plus en plus interconnect\u00e9e, les mati\u00e8res premi\u00e8res connaissent souvent une volatilit\u00e9 des prix, offrant \u00e0 la fois des d\u00e9fis et des opportunit\u00e9s aux traders. Comprendre les sp\u00e9cificit\u00e9s de chaque mati\u00e8re premi\u00e8re \u2014 de l&#8217;impact de la m\u00e9t\u00e9o sur les cultures aux implications g\u00e9opolitiques des perturbations de l&#8217;approvisionnement en p\u00e9trole \u2014 est essentiel pour r\u00e9ussir dans le trading. Les traders doivent employer diverses strat\u00e9gies, telles que l&#8217;analyse fondamentale et technique, pour prendre des d\u00e9cisions \u00e9clair\u00e9es dans cet environnement complexe. De plus, rester inform\u00e9 des tendances du march\u00e9 et des \u00e9volutions \u00e9conomiques est crucial pour saisir les opportunit\u00e9s et att\u00e9nuer les risques. En ma\u00eetrisant les subtilit\u00e9s du trading de mati\u00e8res premi\u00e8res, les investisseurs peuvent non seulement am\u00e9liorer leurs portefeuilles financiers, mais aussi acqu\u00e9rir une meilleure compr\u00e9hension des forces \u00e9conomiques globales en jeu sur le march\u00e9 mondial.<\/p>\r\n\t   <\/div>\r\n\t  <\/div>\r\n  <\/div>\r\n<\/div>\r\n\r\n<div class=\"com-bottom\">\r\n  <div class=\"container\">\r\n\t<div class=\"row\">\r\n\t  <div class=\"col-lg-9\">\r\n\t    <h2>Le R\u00f4le Essentiel des Mati\u00e8res Premi\u00e8res dans l&#8217;\u00c9conomie Mondiale : Comprendre les Dynamiques et Tendances du March\u00e9<\/h2>\r\n\t\t<p>Les mati\u00e8res premi\u00e8res sont des \u00e9l\u00e9ments fondamentaux de l&#8217;\u00e9conomie mondiale, influen\u00e7ant tout, des prix des denr\u00e9es alimentaires aux co\u00fbts de l&#8217;\u00e9nergie. Ces mati\u00e8res premi\u00e8res constituent la base de nombreuses industries, fournissant les intrants essentiels pour la fabrication, la production d&#8217;\u00e9nergie et l&#8217;agriculture. L&#8217;interaction entre l&#8217;offre et la demande d\u00e9termine les prix des mati\u00e8res premi\u00e8res, les rendant sensibles \u00e0 divers facteurs tels que les conditions m\u00e9t\u00e9orologiques, les avanc\u00e9es technologiques et les tensions g\u00e9opolitiques. Par exemple, une s\u00e9cheresse dans une r\u00e9gion agricole cl\u00e9 peut entra\u00eener une flamb\u00e9e des prix des c\u00e9r\u00e9ales, tandis que des conflits g\u00e9opolitiques peuvent perturber l&#8217;approvisionnement en p\u00e9trole et provoquer des fluctuations des prix de l&#8217;\u00e9nergie. Comprendre ces dynamiques est crucial pour les traders et les investisseurs souhaitant naviguer efficacement sur le march\u00e9 des mati\u00e8res premi\u00e8res. En analysant les indicateurs \u00e9conomiques, les tendances du march\u00e9 et les \u00e9volutions sectorielles, les traders peuvent prendre des d\u00e9cisions \u00e9clair\u00e9es align\u00e9es sur leurs strat\u00e9gies d&#8217;investissement. Alors que le monde continue d&#8217;\u00e9voluer, l&#8217;importance des mati\u00e8res premi\u00e8res restera constante, rendant essentiel pour les investisseurs de rester inform\u00e9s et r\u00e9actifs dans cet environnement en perp\u00e9tuelle \u00e9volution.<\/p>\r\n\t  <\/div>\r\n\t  <div class=\"col-lg-3\">\r\n\t\t<img decoding=\"async\" class=\"img-fluid\" src=\"\/wp-content\/themes\/website-theme\/images\/comm-img-02.webp\" alt=\"\">\r\n      <\/div>\r\n\t<\/div>\r\n   <\/div>\r\n<\/div>\r\n\r\n<\/div>\r\n","protected":false},"excerpt":{"rendered":"Naviguer dans le Monde du Trading de Mati\u00e8res Premi\u00e8res : Opportunit\u00e9s, Strat\u00e9gies et Perspectives Le trading de mati\u00e8res premi\u00e8res offre un domaine dynamique aux investisseurs souhaitant diversifier leurs portefeuilles et tirer parti des fluctuations du march\u00e9. Ce march\u00e9 couvre une large gamme d&#8217;actifs tangibles, notamment les produits agricoles, les m\u00e9taux et les ressources \u00e9nerg\u00e9tiques, chacun &hellip;","protected":false},"author":1,"featured_media":0,"parent":0,"menu_order":0,"comment_status":"closed","ping_status":"closed","template":"fullwidth-page.php","meta":{"footnotes":""},"class_list":["post-436","page","type-page","status-publish","hentry"],"_links":{"self":[{"href":"https:\/\/markelio-global.com\/fr\/wp-json\/wp\/v2\/pages\/436","targetHints":{"allow":["GET"]}}],"collection":[{"href":"https:\/\/markelio-global.com\/fr\/wp-json\/wp\/v2\/pages"}],"about":[{"href":"https:\/\/markelio-global.com\/fr\/wp-json\/wp\/v2\/types\/page"}],"author":[{"embeddable":true,"href":"https:\/\/markelio-global.com\/fr\/wp-json\/wp\/v2\/users\/1"}],"replies":[{"embeddable":true,"href":"https:\/\/markelio-global.com\/fr\/wp-json\/wp\/v2\/comments?post=436"}],"version-history":[{"count":4,"href":"https:\/\/markelio-global.com\/fr\/wp-json\/wp\/v2\/pages\/436\/revisions"}],"predecessor-version":[{"id":623,"href":"https:\/\/markelio-global.com\/fr\/wp-json\/wp\/v2\/pages\/436\/revisions\/623"}],"wp:attachment":[{"href":"https:\/\/markelio-global.com\/fr\/wp-json\/wp\/v2\/media?parent=436"}],"curies":[{"name":"wp","href":"https:\/\/api.w.org\/{rel}","templated":true}]}}