{"id":454,"date":"2024-09-27T14:15:25","date_gmt":"2024-09-27T14:15:25","guid":{"rendered":"https:\/\/deal-traders.com\/forex\/"},"modified":"2025-06-20T11:06:54","modified_gmt":"2025-06-20T11:06:54","slug":"forex","status":"publish","type":"page","link":"https:\/\/markelio-global.com\/fr\/forex\/","title":{"rendered":"Forex"},"content":{"rendered":"<div class=\"inner-page-wrap forex-page\">\r\n\r\n    <div class=\"container\">\r\n     <div class=\"fx-top\">\r\n      <div class=\"row\">\r\n       <div class=\"col-lg-6\">\r\n         <h3>Explorer le monde du trading Forex<\/h3>\r\n         <p>Le trading Forex, ou \u00e9change de devises, consiste \u00e0 acheter et vendre des monnaies sur un march\u00e9 mondial d\u00e9centralis\u00e9. En tant que plus grand et plus liquide march\u00e9 financier au monde, il affiche un volume quotidien impressionnant de plus de 6 000 milliards de dollars. Les traders participent au march\u00e9 Forex pour diverses raisons, notamment pour se couvrir contre les risques de change, sp\u00e9culer sur les mouvements du march\u00e9 et tirer parti des \u00e9v\u00e9nements \u00e9conomiques qui influencent les valeurs des devises. Fonctionnant 24 heures sur 24, cinq jours sur sept, le march\u00e9 Forex offre aux traders la flexibilit\u00e9 n\u00e9cessaire pour r\u00e9agir aux changements du march\u00e9 \u00e0 tout moment.<\/p>\r\n       <\/div>\r\n       <div class=\"col-lg-6\">\r\n         <h3>Avantages de la participation au trading Forex<\/h3>\r\n         <p>L&#8217;un des principaux avantages du trading Forex est sa grande liquidit\u00e9, permettant des transactions rapides avec un glissement de prix minimal. Le fonctionnement continu du march\u00e9 permet aux traders d&#8217;agir en fonction des actualit\u00e9s et des d\u00e9veloppements \u00e9conomiques en temps r\u00e9el, leur garantissant de saisir les opportunit\u00e9s d\u00e8s qu&#8217;elles se pr\u00e9sentent. La disponibilit\u00e9 de l&#8217;effet de levier est une autre caract\u00e9ristique attrayante, permettant aux traders de contr\u00f4ler des positions plus importantes avec un investissement en capital relativement faible. De plus, la large gamme de paires de devises disponibles offre de nombreuses opportunit\u00e9s pour mettre en \u0153uvre diverses strat\u00e9gies.<\/p>\r\n       <\/div>\r\n      <\/div>\r\n     <\/div>\r\n    <\/div>\r\n    \r\n    <div class=\"clearfix\"><\/div>\r\n    \r\n    <div class=\"fx-middle\">\r\n      <div class=\"container\">\r\n      <div class=\"row\">\r\n       <div class=\"col-lg-12\">\r\n          <img decoding=\"async\" class=\"img-fluid\" src=\"\/wp-content\/themes\/website-theme\/images\/fx-img-01.webp\" alt=\"\"> \r\n       <\/div>\r\n       <div class=\"col-lg-12\">\r\n          <h2>Consid\u00e9rations essentielles pour les traders Forex<\/h2>\r\n       <\/div>\r\n       <div class=\"clearfix\"><\/div>\r\n       <div class=\"col-lg-3\">\r\n        <div class=\"fx-box\"> \r\n          <h3>Accessibilit\u00e9 du march\u00e9<\/h3>\r\n          <p>Le march\u00e9 Forex fonctionne 24h\/24 et 5j\/7, offrant aux traders la flexibilit\u00e9 de trader \u00e0 tout moment.<\/p>\r\n        <\/div>\r\n       <\/div>\r\n       <div class=\"col-lg-3\">\r\n        <div class=\"fx-box\"> \r\n          <h3>Forte liquidit\u00e9<\/h3>\r\n          <p>Un volume important de transactions garantit une ex\u00e9cution rapide des ordres avec un glissement de prix minimal.<\/p>\r\n        <\/div>\r\n       <\/div>\r\n       <div class=\"col-lg-3\">\r\n        <div class=\"fx-box\"> \r\n          <h3>Options d&#8217;effet de levier<\/h3>\r\n          <p>Les traders peuvent augmenter leur exposition aux mouvements du march\u00e9 gr\u00e2ce \u00e0 l&#8217;effet de levier, amplifiant ainsi les rendements potentiels.<\/p>\r\n        <\/div>\r\n       <\/div>\r\n       <div class=\"col-lg-3\">\r\n        <div class=\"fx-box\"> \r\n          <h3>Vari\u00e9t\u00e9 de paires de devises<\/h3>\r\n          <p>Une large s\u00e9lection de paires majeures, mineures et exotiques permet de diversifier les strat\u00e9gies de trading.<\/p>\r\n        <\/div>\r\n       <\/div>\r\n      <\/div>\r\n     <\/div>\r\n    <\/div>\r\n   \r\n    <div class=\"clearfix\"><\/div>\r\n   \r\n    <div class=\"fx-bottom\">\r\n     <div class=\"container\">\r\n      <div class=\"row\">\r\n        <div class=\"col-lg-6\">\r\n          <h2>Comprendre les types d&#8217;ordres Forex<\/h2>\r\n          <p>Une bonne compr\u00e9hension des types d&#8217;ordres est essentielle pour un trading Forex efficace. Les types d&#8217;ordres les plus courants incluent les ordres au march\u00e9 et les ordres en attente. Un ordre au march\u00e9 ex\u00e9cute une transaction d&#8217;achat ou de vente au prix actuel du march\u00e9, garantissant une ex\u00e9cution instantan\u00e9e. En revanche, un ordre en attente permet aux traders de d\u00e9finir un prix sp\u00e9cifique pour l&#8217;ex\u00e9cution de l&#8217;ordre, garantissant ainsi une entr\u00e9e en position \u00e0 leur niveau souhait\u00e9. Cette flexibilit\u00e9 aide les traders \u00e0 affiner leurs strat\u00e9gies et peut influencer consid\u00e9rablement les r\u00e9sultats du trading.<\/p>\r\n        <\/div>\r\n        <div class=\"col-lg-6\">\r\n          <img decoding=\"async\" class=\"img-fluid\" src=\"\/wp-content\/themes\/website-theme\/images\/fx-img-02.webp\" alt=\"\"> \r\n        <\/div>\r\n        <div class=\"clearfix mt-4 mb-4\"><\/div>\r\n        <div class=\"col-lg-6\">\r\n          <img decoding=\"async\" class=\"img-fluid\" src=\"\/wp-content\/themes\/website-theme\/images\/fx-img-03.webp\" alt=\"\"> \r\n        <\/div>\r\n        <div class=\"col-lg-6\">\r\n          <h2>Mettre en \u0153uvre des strat\u00e9gies efficaces de gestion des risques<\/h2>\r\n          <p>Le succ\u00e8s en trading Forex d\u00e9pend de pratiques robustes de gestion des risques. Les traders doivent \u00e9laborer un plan complet de gestion des risques, int\u00e9grant des ordres stop-loss et take-profit pour prot\u00e9ger leur capital. Les ordres stop-loss ferment automatiquement les positions \u00e0 des niveaux pr\u00e9d\u00e9termin\u00e9s afin de limiter les pertes, tandis que les ordres take-profit s\u00e9curisent les b\u00e9n\u00e9fices une fois que des prix sp\u00e9cifiques sont atteints. Maintenir un ratio risque\/rendement favorable est crucial pour \u00e9valuer les rendements potentiels par rapport aux risques encourus. En mettant en \u0153uvre ces strat\u00e9gies, les traders peuvent naviguer sur le march\u00e9 Forex avec plus de confiance et am\u00e9liorer leurs r\u00e9sultats globaux en trading.<\/p>\r\n        <\/div>\r\n      <\/div>\r\n    <\/div>\r\n   <\/div>\r\n  \r\n<\/div>\r\n","protected":false},"excerpt":{"rendered":"Explorer le monde du trading Forex Le trading Forex, ou \u00e9change de devises, consiste \u00e0 acheter et vendre des monnaies sur un march\u00e9 mondial d\u00e9centralis\u00e9. En tant que plus grand et plus liquide march\u00e9 financier au monde, il affiche un volume quotidien impressionnant de plus de 6 000 milliards de dollars. Les traders participent au &hellip;","protected":false},"author":1,"featured_media":0,"parent":0,"menu_order":0,"comment_status":"closed","ping_status":"closed","template":"fullwidth-page.php","meta":{"footnotes":""},"class_list":["post-454","page","type-page","status-publish","hentry"],"_links":{"self":[{"href":"https:\/\/markelio-global.com\/fr\/wp-json\/wp\/v2\/pages\/454","targetHints":{"allow":["GET"]}}],"collection":[{"href":"https:\/\/markelio-global.com\/fr\/wp-json\/wp\/v2\/pages"}],"about":[{"href":"https:\/\/markelio-global.com\/fr\/wp-json\/wp\/v2\/types\/page"}],"author":[{"embeddable":true,"href":"https:\/\/markelio-global.com\/fr\/wp-json\/wp\/v2\/users\/1"}],"replies":[{"embeddable":true,"href":"https:\/\/markelio-global.com\/fr\/wp-json\/wp\/v2\/comments?post=454"}],"version-history":[{"count":3,"href":"https:\/\/markelio-global.com\/fr\/wp-json\/wp\/v2\/pages\/454\/revisions"}],"predecessor-version":[{"id":621,"href":"https:\/\/markelio-global.com\/fr\/wp-json\/wp\/v2\/pages\/454\/revisions\/621"}],"wp:attachment":[{"href":"https:\/\/markelio-global.com\/fr\/wp-json\/wp\/v2\/media?parent=454"}],"curies":[{"name":"wp","href":"https:\/\/api.w.org\/{rel}","templated":true}]}}