{"id":460,"date":"2024-09-24T12:33:44","date_gmt":"2024-09-24T12:33:44","guid":{"rendered":"https:\/\/deal-traders.com\/home\/"},"modified":"2025-11-11T12:06:58","modified_gmt":"2025-11-11T12:06:58","slug":"home","status":"publish","type":"page","link":"https:\/\/markelio-global.com\/fr\/","title":{"rendered":"Home"},"content":{"rendered":"<div class=\"home-banner\">\r\n   <div class=\"content_block\" id=\"custom_post_widget-337\"><div id=\"carousel-example-generic\" class=\"carousel slide\" data-ride=\"carousel\">\r\n\t <div class=\"carousel-inner\">\r\n\t\t<div class=\"item active\">\r\n\t\t  <div class=\"carousel-caption\">\r\n\t\t\t <div class=\"container\">\r\n\t\t\t   <div class=\"hps-content clearfix\">\r\n\t\t\t   <div class=\"row\">\r\n\t\t\t\t  <div class=\"col-xl-6 col-lg-12\">\r\n\t\t\t\t\t   <div class=\"slider-left clearfix\">\r\n\t\t\t\t\t\t\t<h2><span>Markelio Global :<\/span> Red\u00e9finir le commerce des mati\u00e8res premi\u00e8res avec pr\u00e9cision et innovation<\/h2>\r\n\t\t\t\t\t\t\t<h4>Outils avanc\u00e9s et informations en temps r\u00e9el pour maximiser le succ\u00e8s dans le trading de mati\u00e8res premi\u00e8res<\/h4>\r\n\t\t\t\t\t\t\t<p>Chez Markelio Global, le trading de mati\u00e8res premi\u00e8res atteint un nouveau niveau de sophistication. Notre plateforme offre un acc\u00e8s \u00e0 une large gamme de mati\u00e8res premi\u00e8res mondiales, de l&#8217;\u00e9nergie et des m\u00e9taux aux produits agricoles, permettant aux traders de diversifier leurs portefeuilles et de se couvrir contre la volatilit\u00e9 des march\u00e9s.<\/p>\r\n\t\t\t\t\t\t\t<a href=\"https:\/\/clientzone.markelio-global.com\/fr\/real\" class=\"common-btn\">Ouvrir un compte <span><\/span><\/a>\r\n\t\t\t\t\t   <\/div>\r\n\t\t\t\t   <\/div>\r\n\t\t\t\t   <div class=\"col-xl-6 col-lg-12\">\r\n\t\t\t\t     <div class=\"slider-right clearfix\">\r\n\t\t\t\t        <video class=\"hp-video\" width=\"100%\" height=\"auto\" autoplay=\"\" muted=\"\" loop=\"\" playsinline=\"\"> \r\n                                           <source src=\"\/wp-content\/themes\/website-theme\/images\/banner.webm\" type=\"video\/webm\">\r\n\t                                   Your browser does not support the video tag.\r\n                                        <\/video>\r\n\t\t\t\t     <\/div>\r\n\t\t\t\t  <\/div>\r\n\t\t\t   <\/div>\r\n\t\t\t  <\/div>\r\n\t\t\t <\/div>\r\n\t\t  <\/div>\r\n\t\t<\/div>\r\n\t<\/div>\r\n <\/div>\r\n<\/div>\r\n<\/div>\r\n\r\n<div class=\"section section-two\">\r\n   <div class=\"container\">\r\n      <div class=\"row\">\r\n\t        <div class=\"col-lg-12 wow fadeInUp\">\r\n\t\t   <h2 class=\"section-heading\">\u00c0 propos de Markelio Global<\/h2>\r\n\t\t   <h2>Un partenaire de confiance dans l&#8217;excellence du trading mondial<\/h2>\r\n\t\t<\/div>\r\n\t <\/div> \r\n\t <div class=\"row\">\r\n\t\t   <div class=\"col-lg-4 wow fadeInUp\">\r\n\t\t\t    <div class=\"s2-box\">\r\n\t\t\t        <img decoding=\"async\" class=\"img-fluid\" src=\"\/wp-content\/themes\/website-theme\/images\/s02-img-01.webp\" alt=\"\">\r\n\t\t\t        <h3>Solutions de trading innovantes<\/h3>\r\n\t\t\t\t    <p>Markelio Global propose un ensemble d&#8217;outils et de technologies innovants con\u00e7us pour am\u00e9liorer l&#8217;exp\u00e9rience de trading. De l&#8217;analyse en temps r\u00e9el aux plateformes de trading personnalisables, nous veillons \u00e0 ce que les traders aient acc\u00e8s aux derni\u00e8res innovations du march\u00e9 pour les aider \u00e0 garder une longueur d&#8217;avance sur la concurrence.<\/p>\r\n\t\t\t   <\/div>\r\n\t\t\t<\/div>\r\n\t\t\t\r\n\t\t\t<div class=\"col-lg-4 wow fadeInUp\">\r\n\t\t\t   <div class=\"s2-box\">\r\n\t\t\t        <img decoding=\"async\" class=\"img-fluid\" src=\"\/wp-content\/themes\/website-theme\/images\/s02-img-02.webp\" alt=\"\">\r\n\t\t\t        <h3>Acc\u00e8s complet aux march\u00e9s<\/h3>\r\n\t\t\t\t    <p>Nous offrons \u00e0 nos clients un acc\u00e8s \u00e0 une large gamme de march\u00e9s, y compris le forex, les mati\u00e8res premi\u00e8res, les indices. Avec Markelio Global, les traders peuvent diversifier leurs portefeuilles et profiter facilement des opportunit\u00e9s des march\u00e9s mondiaux.<\/p>\r\n\t\t\t   <\/div>\r\n\t\t\t<\/div>\r\n\t\t\t \r\n\t\t\t<div class=\"col-lg-4 wow fadeInUp\">\r\n\t\t\t   <div class=\"s2-box\">\r\n\t\t\t       <img decoding=\"async\" class=\"img-fluid\" src=\"\/wp-content\/themes\/website-theme\/images\/s02-img-03.webp\" alt=\"\">\r\n\t\t\t       <h3>Trading s\u00e9curis\u00e9 et transparent<\/h3>\r\n\t\t\t\t   <p>La s\u00e9curit\u00e9 et la transparence sont au c\u0153ur des op\u00e9rations de Markelio Global. Nous utilisons des protocoles de cryptage avanc\u00e9s et respectons des normes r\u00e9glementaires strictes pour garantir que les fonds et les donn\u00e9es de nos clients soient toujours prot\u00e9g\u00e9s, vous permettant de trader en toute confiance.<\/p>\r\n\t\t\t     <\/div>\r\n\t\t\t<\/div>\r\n\t\r\n\t  <\/div>\r\n   <\/div>\r\n<\/div>\r\n\r\n\r\n<div class=\"section section-three\">\r\n   <div class=\"container\">\r\n       <div class=\"row\">\r\n\t       \r\n\t\t   <div class=\"col-lg-12 wow fadeInUp\">\r\n\t\t\t     <h2 class=\"section-heading\">Produits de trading Markelio Global<\/h2>\r\n\t\t\t\t <h2 class=\"white\">Votre passerelle vers les march\u00e9s mondiaux<\/h2>\r\n\t\t\t\t <p>Markelio Global propose une large gamme de produits de trading, permettant aux traders d&#8217;acc\u00e9der \u00e0 certains des march\u00e9s les plus liquides et dynamiques au monde. Que ce soit sur le forex, les indices, les mati\u00e8res premi\u00e8res, notre plateforme offre la flexibilit\u00e9 et les outils n\u00e9cessaires pour saisir les opportunit\u00e9s du march\u00e9.<\/p>\r\n\t\t   <\/div>\r\n\t\t\t <div class=\"st-wrap\">\r\n\t\t\t \r\n\t\t\t <div class=\"col-lg-12 col-xl-6 wow fadeInUp\">\r\n\t\t\t      <img decoding=\"async\" class=\"img-fluid\" src=\"\/wp-content\/themes\/website-theme\/images\/S03-img.webp\" alt=\"\">\r\n\t\t\t <\/div>\r\n\t\t\t\r\n\t\t\t<div class=\"col-lg-12 col-xl-6 wow fadeInUp\">\r\n\t\t\t      <div class=\"s3-box wow fadeInRight\">\r\n\t\t\t\t       <h3>Forex<\/h3>\r\n\t\t\t\t\t   <p>Le march\u00e9 du forex est le plus grand et le plus liquide des march\u00e9s financiers mondiaux, et chez Markelio Global nous offrons l&#8217;acc\u00e8s \u00e0 plus de 60 paires de devises, y compris les paires majeures, mineures et exotiques.<\/p>\r\n\t\t\t\t  <\/div>  \r\n\t\t\t\t <div class=\"s3-box wow fadeInRight\">\r\n\t\t\t\t       <h3>Indices<\/h3>\r\n\t\t\t\t\t   <p>Trader les indices avec Markelio Global vous permet de sp\u00e9culer sur la performance des principaux march\u00e9s boursiers mondiaux tels que le S&#038;P 500, le NASDAQ, le FTSE et le DAX.<\/p>\r\n\t\t\t\t  <\/div>\r\n\t\t\t\t <div class=\"s3-box wow fadeInRight\">\r\n\t\t\t\t       <h3>Mati\u00e8res premi\u00e8res<\/h3>\r\n\t\t\t\t\t   <p>Nos solutions de trading sur les mati\u00e8res premi\u00e8res offrent l&#8217;opportunit\u00e9 de se prot\u00e9ger contre l&#8217;inflation, de diversifier votre portefeuille et de tirer parti des dynamiques mondiales de l&#8217;offre et de la demande.<\/p>\r\n\t\t\t\t  <\/div>\r\n\t\t\t\t <div class=\"s3-box wow fadeInRight\">\r\n\t\t\t\t       <h3>Actions<\/h3>\r\n\t\t\t\t\t   <p>Que ce soit pour des gains \u00e0 court terme ou des investissements \u00e0 long terme, Markelio Global fournit les outils et analyses n\u00e9cessaires pour un trading d&#8217;actions \u00e9clair\u00e9.<\/p>\r\n\t\t\t\t  <\/div>\r\n\t\t\t<\/div>\r\n\t\t\t\r\n\t\t\t<\/div>\r\n\t\t<\/div>\r\n   <\/div>\r\n<\/div>\r\n\r\n\r\n\r\n<div class=\"section section-four\">\r\n   <div class=\"container\">\r\n       <div class=\"row\">\r\n\t      \r\n\t\t<div class=\"col-xl-6 col-lg-12 wow fadeInLeft\">\r\n\t\t\t<div class=\"s3-top\">\r\n\t\t\t    <h2>Comptes d&#8217;\u00e9pargne Markelio Global : Gestion de patrimoine s\u00fbre et intelligente<\/h2>\r\n\t\t \t    <p>Markelio Global propose des options de comptes d&#8217;\u00e9pargne flexibles con\u00e7ues pour faire cro\u00eetre votre patrimoine tout en garantissant s\u00e9curit\u00e9 et accessibilit\u00e9. Nos comptes sont con\u00e7us pour vous aider \u00e0 atteindre vos objectifs financiers avec des taux d&#8217;int\u00e9r\u00eat comp\u00e9titifs et une gestion s\u00e9curis\u00e9e de vos fonds.<\/p>\r\n\t\t    <\/div>\r\n\t\t\t<div class=\"s3-bottom\">\r\n\t\t\t  <div class=\"s3b-box\">\r\n\t\t\t\t <h3>Taux d&#8217;int\u00e9r\u00eat comp\u00e9titifs<\/h3>\r\n\t\t\t\t <p>Maximisez votre \u00e9pargne gr\u00e2ce \u00e0 des taux d&#8217;int\u00e9r\u00eat attractifs, garantissant une croissance r\u00e9guli\u00e8re tout en gardant vos fonds s\u00fbrs et accessibles \u00e0 tout moment.<\/p>\r\n\t\t\t  <\/div>\r\n\t\t\t  <div class=\"s3b-box\">\r\n\t\t\t\t <h3>Gestion facile des fonds<\/h3>\r\n\t\t\t\t <p>Notre plateforme conviviale vous permet de surveiller et de g\u00e9rer votre compte d&#8217;\u00e9pargne en toute simplicit\u00e9, offrant une transparence et un contr\u00f4le total sur votre parcours financier.<\/p>\r\n\t\t\t  <\/div>\r\n\t\t\t<\/div>\r\n\t\t<\/div>\r\n\t\t\r\n\t\t<div class=\"col-xl-6 col-lg-12 wow fadeInRight\">\r\n\t\t   <img decoding=\"async\" class=\"img-fluid\" src=\"\/wp-content\/themes\/website-theme\/images\/Hp-S04-img-fr.webp\" alt=\"\">\r\n\t\t<\/div>\r\n   <\/div>\r\n<\/div>\r\n<\/div>\r\n\r\n<div class=\"section section-five\">\r\n   <div class=\"container\">\r\n       <div class=\"row\">  \r\n\t\t  <div class=\"col-xl-6 col-lg-12 wow fadeInLeft\">\r\n\t\t    <div class=\"sf-left\">\r\n\t\t\t   <h2 class=\"section-heading\">Partenariats Markelio Global :<\/h2>\r\n\t\t\t   <h2>Stimuler la croissance par la collaboration<\/h2>\r\n\t\t \t   <p>Chez Markelio Global, nous croyons que des partenariats solides sont la base d&#8217;un succ\u00e8s mutuel. En collaborant avec des leaders de l&#8217;industrie, des institutions financi\u00e8res et des fournisseurs de technologies, nous \u00e9largissons notre port\u00e9e et am\u00e9liorons les services que nous offrons \u00e0 nos clients. Nos programmes de partenariat sont con\u00e7us pour favoriser l&#8217;innovation, partager l&#8217;expertise et ouvrir de nouvelles opportunit\u00e9s dans le monde du trading. Que vous soyez affili\u00e9, partenaire institutionnel ou fournisseur de services, Markelio Global propose des solutions personnalis\u00e9es pour d\u00e9velopper votre entreprise et offrir une valeur in\u00e9gal\u00e9e \u00e0 vos clients.<\/p>\r\n\t\t   <\/div>\r\n\t\t <\/div>\r\n\t\t<div class=\"col-xl-6 col-lg-12 wow fadeInRight\">\r\n\t\t  <div class=\"sf-right\">\r\n\t\t     <img decoding=\"async\" class=\"img-fluid\" src=\"\/wp-content\/themes\/website-theme\/images\/S05-img.webp\" alt=\"\">\r\n\t\t  <\/div>\r\n\t\t<\/div>\r\n      <\/div>\r\n  <\/div>\r\n<\/div>\t\r\n\r\n<div class=\"section section-six\">\r\n   <div class=\"container\">\r\n       <div class=\"row\">\r\n\t\t   <div class=\"col-xl-6 col-lg-12\">\r\n               <div class=\"s-six-top wow fadeInLeft\">\t\t         \r\n\t\t\t\t    <h4>D\u00e9p\u00f4ts et retraits<\/h4>\r\n\t\t\t\t    <h2 class=\"black\">Rapide, s\u00e9curis\u00e9 et pratique<\/h2>\r\n\t\t\t\t    <p>Chez Markelio Global, nous privil\u00e9gions la simplicit\u00e9 et la s\u00e9curit\u00e9 dans la gestion de vos fonds. Notre processus de d\u00e9p\u00f4t et de retrait rationalis\u00e9 vous garantit un acc\u00e8s rapide \u00e0 votre argent \u00e0 tout moment, avec une vari\u00e9t\u00e9 d&#8217;options de paiement fiables pour votre commodit\u00e9.<\/p>\r\n\t\t       <\/div>\r\n\t\t\t   <div class=\"s-six-bottom\">\r\n\t\t\t        <div class=\"ssb-box wow fadeInUp\">\r\n                       <div>\r\n\t\t\t\t\t      <span class=\"icon s-six01\"><\/span>\r\n\t\t\t\t\t   <\/div>\t\t\t\t\t   \r\n\t\t\t\t\t   <div>\r\n\t\t\t\t\t      <h3>Multiples m\u00e9thodes de paiement<\/h3>\r\n\t\t\t\t\t\t  <p>Nous prenons en charge une vari\u00e9t\u00e9 d&#8217;options de d\u00e9p\u00f4t et de retrait, y compris les cartes de cr\u00e9dit, les virements bancaires et les portefeuilles \u00e9lectroniques, offrant ainsi une flexibilit\u00e9 dans la gestion de vos fonds.<\/p>\r\n\t\t\t\t\t   <\/div>\r\n\t\t\t\t\t<\/div> \r\n\t\t\t        <div class=\"ssb-box wow fadeInUp\">\r\n                       <div>\r\n\t\t\t\t\t      <span class=\"icon s-six02\"><\/span>\r\n\t\t\t\t\t   <\/div>\t\t\t\t\t   \r\n\t\t\t\t\t   <div>\r\n\t\t\t\t\t      <h3>Traitement rapide<\/h3>\r\n\t\t\t\t\t\t  <p>Profitez d&#8217;un traitement rapide et efficace des transactions, garantissant que vos d\u00e9p\u00f4ts sont cr\u00e9dit\u00e9s instantan\u00e9ment et que vos retraits sont effectu\u00e9s rapidement.<\/p>\r\n\t\t\t\t\t   <\/div>\r\n\t\t\t\t\t<\/div> \r\n\t\t\t   <\/div>\r\n\t\t   <\/div>\r\n\t       <div class=\"col-xl-6 col-lg-12 wow fadeInRight\">\r\n\t\t       <img decoding=\"async\" class=\"img-fluid\" src=\"\/wp-content\/themes\/website-theme\/images\/S06-img.webp\" alt=\"\">\r\n\t\t  <\/div>\r\n\t<\/div>\r\n <\/div>\r\n<\/div>\r\n","protected":false},"excerpt":{"rendered":"\u00c0 propos de Markelio Global Un partenaire de confiance dans l&#8217;excellence du trading mondial Solutions de trading innovantes Markelio Global propose un ensemble d&#8217;outils et de technologies innovants con\u00e7us pour am\u00e9liorer l&#8217;exp\u00e9rience de trading. De l&#8217;analyse en temps r\u00e9el aux plateformes de trading personnalisables, nous veillons \u00e0 ce que les traders aient acc\u00e8s aux derni\u00e8res &hellip;","protected":false},"author":1,"featured_media":0,"parent":0,"menu_order":0,"comment_status":"closed","ping_status":"closed","template":"homepage.php","meta":{"footnotes":""},"class_list":["post-460","page","type-page","status-publish","hentry"],"_links":{"self":[{"href":"https:\/\/markelio-global.com\/fr\/wp-json\/wp\/v2\/pages\/460","targetHints":{"allow":["GET"]}}],"collection":[{"href":"https:\/\/markelio-global.com\/fr\/wp-json\/wp\/v2\/pages"}],"about":[{"href":"https:\/\/markelio-global.com\/fr\/wp-json\/wp\/v2\/types\/page"}],"author":[{"embeddable":true,"href":"https:\/\/markelio-global.com\/fr\/wp-json\/wp\/v2\/users\/1"}],"replies":[{"embeddable":true,"href":"https:\/\/markelio-global.com\/fr\/wp-json\/wp\/v2\/comments?post=460"}],"version-history":[{"count":5,"href":"https:\/\/markelio-global.com\/fr\/wp-json\/wp\/v2\/pages\/460\/revisions"}],"predecessor-version":[{"id":696,"href":"https:\/\/markelio-global.com\/fr\/wp-json\/wp\/v2\/pages\/460\/revisions\/696"}],"wp:attachment":[{"href":"https:\/\/markelio-global.com\/fr\/wp-json\/wp\/v2\/media?parent=460"}],"curies":[{"name":"wp","href":"https:\/\/api.w.org\/{rel}","templated":true}]}}