{"id":466,"date":"2024-09-29T15:16:35","date_gmt":"2024-09-29T15:16:35","guid":{"rendered":"https:\/\/deal-traders.com\/indices\/"},"modified":"2025-10-14T11:47:32","modified_gmt":"2025-10-14T11:47:32","slug":"indices","status":"publish","type":"page","link":"https:\/\/markelio-global.com\/fr\/indices\/","title":{"rendered":"Indices"},"content":{"rendered":"<div class=\"inner-page-wrap indices-page\">\r\n\r\n<div class=\"in-top\">\r\n   <div class=\"container\">\r\n      <div class=\"row\">\r\n\t   <div class=\"col-lg-12\">\r\n\t      <h2>Principaux Avantages du Trading d&#8217;Indices<\/h2>\r\n\t   <\/div>\r\n\t   <div class=\"clearfix\"><\/div>\r\n\t   <div class=\"col-lg-4\">\r\n\t    <div class=\"in-box\"> \r\n\t      <span class=\"icon in01\"><\/span>\r\n\t      <h3>Diversification et Gestion des Risques<\/h3>\r\n\t      <p>L\u2019un des principaux avantages du trading d\u2019indices est la diversification inh\u00e9rente qu\u2019il offre. Au lieu de d\u00e9pendre des performances d\u2019une seule entreprise, vous n\u00e9gociez un panier d\u2019actions.<\/p>\r\n\t    <\/div>\r\n\t   <\/div>\r\n\t   <div class=\"col-lg-4\">\r\n\t    <div class=\"in-box\"> \r\n\t      <span class=\"icon in02\"><\/span>\r\n\t      <h3>Exposition Large au March\u00e9<\/h3>\r\n\t      <p>Le trading d\u2019indices vous permet d\u2019obtenir une exposition \u00e0 l\u2019ensemble d\u2019un march\u00e9 ou \u00e0 un secteur sp\u00e9cifique, vous permettant de profiter des tendances \u00e9conomiques sans avoir \u00e0 s\u00e9lectionner des actions individuelles.<\/p>\r\n\t    <\/div>\r\n\t   <\/div>\r\n\t   <div class=\"col-lg-4\">\r\n\t    <div class=\"in-box\"> \r\n\t\t  <span class=\"icon in03\"><\/span>\r\n\t      <h3>Effet de Levier et Liquidit\u00e9<\/h3>\r\n\t\t  <p>Le trading d\u2019indices offre un acc\u00e8s \u00e0 l\u2019effet de levier, permettant aux traders de contr\u00f4ler des positions plus importantes avec un capital r\u00e9duit. Cela amplifie les gains potentiels mais augmente \u00e9galement le risque.<\/p>\r\n\t    <\/div>\r\n\t   <\/div>\r\n\t  <\/div>\r\n  <\/div>\r\n<\/div>\r\n\r\n<div class=\"clearfix\"><\/div>\r\n    \r\n<div class=\"in-middle\">\r\n  <div class=\"container\">\r\n     <div class=\"row\">\r\n\t   <div class=\"col-lg-7\">\r\n\t     <h2>Comment Commencer \u00e0 Trader les Indices<\/h2>\r\n\t\t <p>Pour commencer \u00e0 trader les indices, il est n\u00e9cessaire d\u2019avoir une bonne compr\u00e9hension des march\u00e9s et d&#8217;acc\u00e9der aux bons outils. Tout d\u2019abord, vous devez choisir un courtier ou une plateforme de trading qui offre l\u2019acc\u00e8s \u00e0 une vari\u00e9t\u00e9 d\u2019indices mondiaux. Il est essentiel de s&#8217;assurer que la plateforme propose des donn\u00e9es en temps r\u00e9el, des outils de cartographie fiables et la possibilit\u00e9 d\u2019utiliser l\u2019effet de levier de mani\u00e8re efficace. Apr\u00e8s l\u2019ouverture d\u2019un compte, familiarisez-vous avec les indices les plus populaires, tels que le S&#038;P 500, le FTSE 100 et le DAX 30. Ces indices repr\u00e9sentent des march\u00e9s majeurs et des secteurs mondiaux, offrant un aper\u00e7u des mouvements \u00e9conomiques. Comprendre les facteurs qui influencent les indices, tels que les rapports sur les b\u00e9n\u00e9fices des entreprises, les indicateurs \u00e9conomiques et les \u00e9v\u00e9nements g\u00e9opolitiques, est crucial pour prendre des d\u00e9cisions de trading \u00e9clair\u00e9es. Les d\u00e9butants peuvent b\u00e9n\u00e9ficier de comptes de d\u00e9monstration pour s&#8217;exercer \u00e0 des strat\u00e9gies sans risquer de capital r\u00e9el.<\/p>\r\n\t   <\/div>\r\n\t   <div class=\"col-lg-5\">\r\n\t     <img decoding=\"async\" class=\"img-fluid\" src=\"\/wp-content\/themes\/website-theme\/images\/ind-img-01.webp\" alt=\"\"> \r\n\t   <\/div>\r\n\t<\/div>\r\n  <\/div>\r\n<\/div>\r\n\r\n <div class=\"in-bottom\">\r\n  <div class=\"container\">\r\n\t<div class=\"row\">\r\n\t<div class=\"col-lg-5\">\r\n\t     <img decoding=\"async\" class=\"img-fluid\" src=\"\/wp-content\/themes\/website-theme\/images\/ind-img-02.webp\" alt=\"\"> \r\n\t<\/div>\r\n\t<div class=\"col-lg-7\">\r\n        <h2>Construire une Strat\u00e9gie Solide de Trading d&#8217;Indices<\/h2>\r\n\t\t<p>Une strat\u00e9gie robuste est essentielle pour r\u00e9ussir dans le trading d&#8217;indices. L&#8217;une des approches les plus couramment utilis\u00e9es est le trading de tendance, o\u00f9 les traders suivent la direction g\u00e9n\u00e9rale du march\u00e9 sur une p\u00e9riode prolong\u00e9e, profitant souvent de forts mouvements haussiers ou baissiers. Le trading en range, quant \u00e0 lui, consiste \u00e0 identifier des niveaux de prix sp\u00e9cifiques entre lesquels un indice oscille, permettant aux traders d&#8217;acheter bas et de vendre haut lorsque le prix fluctue dans une plage d\u00e9finie. Un autre aspect crucial est la gestion des risques, o\u00f9 les traders utilisent des outils tels que les ordres stop-loss pour prot\u00e9ger leurs investissements. Une strat\u00e9gie bien diversifi\u00e9e comprend g\u00e9n\u00e9ralement la r\u00e9partition des investissements sur divers indices ou secteurs afin de r\u00e9duire l&#8217;exposition au risque. En r\u00e9visant et en ajustant continuellement votre strat\u00e9gie en fonction des conditions du march\u00e9, les traders peuvent am\u00e9liorer leur succ\u00e8s \u00e0 long terme sur le march\u00e9 des indices. Comprendre la dynamique du march\u00e9, appliquer des strat\u00e9gies disciplin\u00e9es et g\u00e9rer les risques efficacement sont essentiels pour atteindre une performance de trading plus coh\u00e9rente et durable.<\/p>\r\n\t<\/div>\r\n\t<\/div>\r\n  <\/div>\r\n<\/div>\r\n\r\n<\/div>","protected":false},"excerpt":{"rendered":"Principaux Avantages du Trading d&#8217;Indices Diversification et Gestion des Risques L\u2019un des principaux avantages du trading d\u2019indices est la diversification inh\u00e9rente qu\u2019il offre. Au lieu de d\u00e9pendre des performances d\u2019une seule entreprise, vous n\u00e9gociez un panier d\u2019actions. Exposition Large au March\u00e9 Le trading d\u2019indices vous permet d\u2019obtenir une exposition \u00e0 l\u2019ensemble d\u2019un march\u00e9 ou \u00e0 &hellip;","protected":false},"author":1,"featured_media":0,"parent":0,"menu_order":0,"comment_status":"closed","ping_status":"closed","template":"fullwidth-page.php","meta":{"footnotes":""},"class_list":["post-466","page","type-page","status-publish","hentry"],"_links":{"self":[{"href":"https:\/\/markelio-global.com\/fr\/wp-json\/wp\/v2\/pages\/466","targetHints":{"allow":["GET"]}}],"collection":[{"href":"https:\/\/markelio-global.com\/fr\/wp-json\/wp\/v2\/pages"}],"about":[{"href":"https:\/\/markelio-global.com\/fr\/wp-json\/wp\/v2\/types\/page"}],"author":[{"embeddable":true,"href":"https:\/\/markelio-global.com\/fr\/wp-json\/wp\/v2\/users\/1"}],"replies":[{"embeddable":true,"href":"https:\/\/markelio-global.com\/fr\/wp-json\/wp\/v2\/comments?post=466"}],"version-history":[{"count":5,"href":"https:\/\/markelio-global.com\/fr\/wp-json\/wp\/v2\/pages\/466\/revisions"}],"predecessor-version":[{"id":687,"href":"https:\/\/markelio-global.com\/fr\/wp-json\/wp\/v2\/pages\/466\/revisions\/687"}],"wp:attachment":[{"href":"https:\/\/markelio-global.com\/fr\/wp-json\/wp\/v2\/media?parent=466"}],"curies":[{"name":"wp","href":"https:\/\/api.w.org\/{rel}","templated":true}]}}