{"id":472,"date":"2024-09-27T13:51:15","date_gmt":"2024-09-27T13:51:15","guid":{"rendered":"https:\/\/deal-traders.com\/legal\/"},"modified":"2025-06-20T11:12:15","modified_gmt":"2025-06-20T11:12:15","slug":"legal","status":"publish","type":"page","link":"https:\/\/markelio-global.com\/fr\/legal\/","title":{"rendered":"L\u00e9gale"},"content":{"rendered":"<div class=\"inner-page-wrap legal-page extra-space\">\r\n   <div class=\"container\">\r\n      <div class=\"row\">\r\n \t        <div class=\"col-lg-4\">\r\n                <div class=\"legal-box\">\r\n                  <h3>Politique d&#8217;Utilisation Acceptable<\/h3>\r\n\t\t          <a href=\"\/wp-content\/themes\/website-theme\/images\/pdf\/Acceptable-use-policy.pdf\">Cliquez ici<\/a>\r\n\t\t\t\t<\/div>\t\t\t\t  \r\n\t\t\t<\/div>\r\n\t\t\t <div class=\"col-lg-4\">\r\n                <div class=\"legal-box\">\r\n                  <h3>Conditions G\u00e9n\u00e9rales<\/h3>\r\n\t\t\t\t  <a href=\"\/wp-content\/themes\/website-theme\/images\/pdf\/Terms-and-Conditions.pdf\">Cliquez ici<\/a>\r\n\t\t\t\t<\/div>\t\t\t\t  \r\n\t\t\t<\/div>\r\n\t\t\t <div class=\"col-lg-4\">\r\n                <div class=\"legal-box\">\r\n                  <h3>Avertissement sur les Risques<\/h3>\r\n\t\t\t\t  <a href=\"\/wp-content\/themes\/website-theme\/images\/pdf\/Risk-Disclosure-Policy.pdf\">Cliquez ici<\/a> \r\n\t\t\t  \t<\/div>\t\t\t\t  \r\n\t\t\t <\/div>\r\n\t\t\t <div class=\"col-lg-4\">\r\n                <div class=\"legal-box\">\r\n                   <h3>Politique de Confidentialit\u00e9<\/h3>\r\n\t\t\t\t   <a href=\"\/wp-content\/themes\/website-theme\/images\/pdf\/Privacy-Policy.pdf\">Cliquez ici<\/a>\r\n\t\t\t\t<\/div>\t\t\t\t  \r\n\t\t\t<\/div>\r\n\t\t\t <div class=\"col-lg-4\">\r\n                <div class=\"legal-box\">\r\n                   <h3>Politique de Remboursement et de Retour<\/h3>\r\n\t\t\t\t   <a href=\"\/wp-content\/themes\/website-theme\/images\/pdf\/Refund-Return-Policy.pdf\">Cliquez ici<\/a>\r\n\t\t\t\t<\/div>\t\t\t\t  \r\n\t\t\t<\/div>\r\n\t\t\t <div class=\"col-lg-4\">\r\n                <div class=\"legal-box\">\r\n                  <h3>Politique de Connaissance du Client (KYC)<\/h3>\r\n\t\t\t\t  <a href=\"\/wp-content\/themes\/website-theme\/images\/pdf\/KYC-Policy.pdf\">Cliquez ici<\/a>\r\n\t\t\t\t<\/div>\t\t\t\t  \r\n\t\t\t <\/div>\r\n\t  <\/div>\r\n   <\/div>\r\n<\/div>\r\n","protected":false},"excerpt":{"rendered":"Politique d&#8217;Utilisation Acceptable Cliquez ici Conditions G\u00e9n\u00e9rales Cliquez ici Avertissement sur les Risques Cliquez ici Politique de Confidentialit\u00e9 Cliquez ici Politique de Remboursement et de Retour Cliquez ici Politique de Connaissance du Client (KYC) Cliquez ici","protected":false},"author":1,"featured_media":0,"parent":0,"menu_order":0,"comment_status":"closed","ping_status":"closed","template":"fullwidth-page.php","meta":{"footnotes":""},"class_list":["post-472","page","type-page","status-publish","hentry"],"_links":{"self":[{"href":"https:\/\/markelio-global.com\/fr\/wp-json\/wp\/v2\/pages\/472","targetHints":{"allow":["GET"]}}],"collection":[{"href":"https:\/\/markelio-global.com\/fr\/wp-json\/wp\/v2\/pages"}],"about":[{"href":"https:\/\/markelio-global.com\/fr\/wp-json\/wp\/v2\/types\/page"}],"author":[{"embeddable":true,"href":"https:\/\/markelio-global.com\/fr\/wp-json\/wp\/v2\/users\/1"}],"replies":[{"embeddable":true,"href":"https:\/\/markelio-global.com\/fr\/wp-json\/wp\/v2\/comments?post=472"}],"version-history":[{"count":2,"href":"https:\/\/markelio-global.com\/fr\/wp-json\/wp\/v2\/pages\/472\/revisions"}],"predecessor-version":[{"id":553,"href":"https:\/\/markelio-global.com\/fr\/wp-json\/wp\/v2\/pages\/472\/revisions\/553"}],"wp:attachment":[{"href":"https:\/\/markelio-global.com\/fr\/wp-json\/wp\/v2\/media?parent=472"}],"curies":[{"name":"wp","href":"https:\/\/api.w.org\/{rel}","templated":true}]}}