{"id":484,"date":"2024-09-29T15:55:59","date_gmt":"2024-09-29T15:55:59","guid":{"rendered":"https:\/\/deal-traders.com\/stock\/"},"modified":"2025-06-20T11:14:49","modified_gmt":"2025-06-20T11:14:49","slug":"stock","status":"publish","type":"page","link":"https:\/\/markelio-global.com\/fr\/stock\/","title":{"rendered":"Action"},"content":{"rendered":"<div class=\"inner-page-wrap stock-page\">\r\n<div class=\"st-img-wrap\">\r\n  <div class=\"container\">\r\n    <div class=\"row\">\r\n       <div class=\"col-xl-12\">\r\n         <img decoding=\"async\" class=\"img-fluid\" src=\"\/wp-content\/themes\/website-theme\/images\/st-img-01.webp\" alt=\"\">\r\n      <\/div>\r\n    <\/div>\r\n  <\/div>\r\n<\/div>\r\n\r\n<div class=\"container\">\r\n  <div class=\"st-top\">\r\n    <div class=\"row\">\r\n\t  \r\n         <div class=\"col-xl-6\">\r\n\t\t   <h3>Comprendre le March\u00e9 Boursier<\/h3>\r\n\t\t   <p>Le march\u00e9 boursier est une plateforme o\u00f9 les actions des soci\u00e9t\u00e9s cot\u00e9es en bourse sont achet\u00e9es et vendues. Il joue un r\u00f4le crucial dans l&#8217;\u00e9conomie mondiale, permettant aux entreprises de lever des capitaux et aux investisseurs d&#8217;acqu\u00e9rir une part de propri\u00e9t\u00e9 dans les entreprises. Le march\u00e9 boursier fonctionne via des bourses telles que le New York Stock Exchange (NYSE) et le Nasdaq, o\u00f9 acheteurs et vendeurs effectuent des transactions. La valeur d&#8217;une action est influenc\u00e9e par divers facteurs, notamment la performance de l&#8217;entreprise, les indicateurs \u00e9conomiques et le sentiment du march\u00e9. Lorsque les investisseurs participent au march\u00e9 boursier, ils \u00e9voluent dans un environnement dynamique caract\u00e9ris\u00e9 par des fluctuations des prix des actions, ce qui rend essentiel la compr\u00e9hension des tendances du march\u00e9 et des performances des entreprises individuelles.<\/p>\r\n\t     <\/div>\r\n\t    <div class=\"col-xl-6\">\r\n\t\t  <h3>Types d&#8217;Actions<\/h3>\r\n\t\t  <p>Les actions peuvent \u00eatre class\u00e9es en diff\u00e9rentes cat\u00e9gories selon divers crit\u00e8res, notamment la taille de l&#8217;entreprise, son potentiel de croissance et ses politiques de dividendes. Les types courants comprennent les actions ordinaires, qui offrent des droits de vote et des dividendes potentiels, et les actions privil\u00e9gi\u00e9es, qui fournissent des dividendes fixes mais ne donnent g\u00e9n\u00e9ralement pas de droits de vote. De plus, les actions sont souvent class\u00e9es selon leur capitalisation boursi\u00e8re : actions \u00e0 grande capitalisation, \u00e0 moyenne capitalisation et \u00e0 petite capitalisation, qui refl\u00e8tent la valeur marchande globale de l&#8217;entreprise. Comprendre ces distinctions aide les investisseurs \u00e0 prendre des d\u00e9cisions \u00e9clair\u00e9es en fonction de leurs objectifs d&#8217;investissement, de leur tol\u00e9rance au risque et des conditions du march\u00e9.<\/p>\r\n\t   <\/div>\r\n\t  <\/div>\r\n  <\/div>\r\n<\/div>\r\n\r\n<div class=\"section section-five\">\r\n   <div class=\"container\">\r\n       <div class=\"row\">  \r\n\t\t  <div class=\"col-xl-6\">\r\n\t\t    <div class=\"sf-left\">\r\n\t\t\t  <h2>Strat\u00e9gies pour Investir en Actions<\/h2>\r\n\t\t \t  <p>Investir en actions n\u00e9cessite une strat\u00e9gie bien d\u00e9finie pour naviguer dans la complexit\u00e9 du march\u00e9. Les strat\u00e9gies courantes incluent l&#8217;investissement ax\u00e9 sur la valeur, qui consiste \u00e0 identifier des actions sous-\u00e9valu\u00e9es avec de solides fondamentaux, et l&#8217;investissement ax\u00e9 sur la croissance, o\u00f9 les investisseurs recherchent des entreprises cens\u00e9es cro\u00eetre \u00e0 un rythme sup\u00e9rieur \u00e0 la moyenne. L&#8217;investissement ax\u00e9 sur les dividendes est une autre approche populaire, mettant l&#8217;accent sur les actions qui versent r\u00e9guli\u00e8rement des dividendes en tant que source de revenu. De plus, l&#8217;investissement indiciel permet aux investisseurs d&#8217;acheter un \u00e9chantillon repr\u00e9sentatif du march\u00e9, minimisant ainsi le risque li\u00e9 \u00e0 une seule action. En utilisant une combinaison de ces strat\u00e9gies, les investisseurs peuvent adapter leurs portefeuilles \u00e0 leurs objectifs financiers et \u00e0 leurs profils de risque.<\/p>\r\n\t\t   <\/div>\r\n\t\t <\/div>\r\n\t\t<div class=\"col-xl-6\">\r\n\t\t  <div class=\"sf-right\">\r\n\t\t    <img decoding=\"async\" class=\"img-fluid\" src=\"\/wp-content\/themes\/website-theme\/images\/st-img-02.webp\" alt=\"\">\r\n\t\t  <\/div>\r\n\t\t<\/div>\r\n      <\/div>\r\n  <\/div>\r\n<\/div>\r\n\r\n<div class=\"st-bottom\">\r\n  <div class=\"container\">\r\n\t<div class=\"row\">\r\n\t  <div class=\"col-xl-6\">\r\n\t    <h2>L&#8217;Importance de la Diversification<\/h2>\r\n\t\t<p>La diversification est un principe fondamental de l&#8217;investissement en actions, visant \u00e0 r\u00e9duire le risque en r\u00e9partissant les investissements sur diff\u00e9rents secteurs et classes d&#8217;actifs. En maintenant un portefeuille diversifi\u00e9, les investisseurs peuvent att\u00e9nuer l&#8217;impact des mauvaises performances d&#8217;une seule action ou d&#8217;un secteur sp\u00e9cifique. Un portefeuille bien diversifi\u00e9 comprend g\u00e9n\u00e9ralement un m\u00e9lange d&#8217;actions, d&#8217;obligations et d&#8217;autres v\u00e9hicules d&#8217;investissement, permettant une approche \u00e9quilibr\u00e9e du risque et du rendement. Les investisseurs doivent r\u00e9guli\u00e8rement examiner et ajuster leurs portefeuilles afin de conserver le niveau de diversification souhait\u00e9, en tenant compte des conditions du march\u00e9, des \u00e9volutions \u00e9conomiques et de leurs objectifs d&#8217;investissement personnels.<\/p>\r\n\t  <\/div>\r\n\t  <div class=\"col-xl-6\">\r\n\t\t<img decoding=\"async\" class=\"img-fluid\" src=\"\/wp-content\/themes\/website-theme\/images\/st-img-03.webp\" alt=\"\"> \r\n      <\/div>\r\n\t<\/div>\r\n   <\/div>\r\n<\/div>\r\n\r\n<\/div>\r\n","protected":false},"excerpt":{"rendered":"Comprendre le March\u00e9 Boursier Le march\u00e9 boursier est une plateforme o\u00f9 les actions des soci\u00e9t\u00e9s cot\u00e9es en bourse sont achet\u00e9es et vendues. Il joue un r\u00f4le crucial dans l&#8217;\u00e9conomie mondiale, permettant aux entreprises de lever des capitaux et aux investisseurs d&#8217;acqu\u00e9rir une part de propri\u00e9t\u00e9 dans les entreprises. Le march\u00e9 boursier fonctionne via des bourses &hellip;","protected":false},"author":1,"featured_media":0,"parent":0,"menu_order":0,"comment_status":"closed","ping_status":"closed","template":"fullwidth-page.php","meta":{"footnotes":""},"class_list":["post-484","page","type-page","status-publish","hentry"],"_links":{"self":[{"href":"https:\/\/markelio-global.com\/fr\/wp-json\/wp\/v2\/pages\/484","targetHints":{"allow":["GET"]}}],"collection":[{"href":"https:\/\/markelio-global.com\/fr\/wp-json\/wp\/v2\/pages"}],"about":[{"href":"https:\/\/markelio-global.com\/fr\/wp-json\/wp\/v2\/types\/page"}],"author":[{"embeddable":true,"href":"https:\/\/markelio-global.com\/fr\/wp-json\/wp\/v2\/users\/1"}],"replies":[{"embeddable":true,"href":"https:\/\/markelio-global.com\/fr\/wp-json\/wp\/v2\/comments?post=484"}],"version-history":[{"count":3,"href":"https:\/\/markelio-global.com\/fr\/wp-json\/wp\/v2\/pages\/484\/revisions"}],"predecessor-version":[{"id":635,"href":"https:\/\/markelio-global.com\/fr\/wp-json\/wp\/v2\/pages\/484\/revisions\/635"}],"wp:attachment":[{"href":"https:\/\/markelio-global.com\/fr\/wp-json\/wp\/v2\/media?parent=484"}],"curies":[{"name":"wp","href":"https:\/\/api.w.org\/{rel}","templated":true}]}}