{"id":433,"date":"2024-09-29T16:20:08","date_gmt":"2024-09-29T16:20:08","guid":{"rendered":"https:\/\/deal-traders.com\/commodities\/"},"modified":"2025-06-20T11:07:02","modified_gmt":"2025-06-20T11:07:02","slug":"commodities","status":"publish","type":"page","link":"https:\/\/markelio-global.com\/nl\/commodities\/","title":{"rendered":"Grondstoffen"},"content":{"rendered":"<div class=\"inner-page-wrap commodities-page\">\r\n\r\n<div class=\"com-top\">\r\n  <div class=\"container\">\r\n    <div class=\"row\">\r\n         <div class=\"col-lg-3\">\r\n\t\t    <img decoding=\"async\" class=\"img-fluid\" src=\"\/wp-content\/themes\/website-theme\/images\/comm-img-01.webp\" alt=\"\">\r\n\t     <\/div>\r\n\t    <div class=\"col-lg-9\">\r\n\t\t  <h3>De Wereld van Grondstoffenhandel Verkennen: Kansen, Strategie\u00ebn en Inzichten<\/h3>\r\n\t\t  <p>De handel in grondstoffen biedt een dynamisch speelveld voor investeerders die hun portefeuille willen diversifi\u00ebren en willen profiteren van marktfluctuaties. Deze markt omvat een breed scala aan tastbare activa, waaronder landbouwproducten, metalen en energiebronnen, die elk worden be\u00efnvloed door unieke factoren zoals mondiale vraag en aanbod, geopolitieke gebeurtenissen en economische indicatoren. Naarmate de wereldeconomie steeds meer met elkaar verweven raakt, ervaren grondstoffen vaak prijsvolatiliteit, wat zowel uitdagingen als kansen biedt voor handelaren. Het begrijpen van de nuances van elke grondstof \u2014 van hoe het weer oogsten be\u00efnvloedt tot de geopolitieke implicaties van verstoringen in de olievoorziening \u2014 is essentieel voor succesvolle handel. Terwijl handelaren proberen zich in dit complexe landschap te bewegen, moeten ze verschillende strategie\u00ebn toepassen, zoals fundamentele en technische analyse, om weloverwogen beslissingen te nemen. Daarnaast is het cruciaal om op de hoogte te blijven van markttrends en economische ontwikkelingen om kansen te grijpen en risico&#8217;s te beperken. Door de fijne kneepjes van de grondstoffenhandel te beheersen, kunnen investeerders niet alleen hun financi\u00eble portefeuilles versterken, maar ook inzicht krijgen in de bredere economische krachten die spelen op de wereldmarkt.<\/p>\r\n\t   <\/div>\r\n\t  <\/div>\r\n  <\/div>\r\n<\/div>\r\n\r\n<div class=\"com-bottom\">\r\n  <div class=\"container\">\r\n\t<div class=\"row\">\r\n\t  <div class=\"col-lg-9\">\r\n\t    <h2>De Essenti\u00eble Rol van Grondstoffen in de Wereldeconomie: Inzicht in Marktmechanismen en Trends<\/h2>\r\n\t\t<p>Grondstoffen vormen de fundamentele bouwstenen van de wereldeconomie en be\u00efnvloeden alles, van voedselprijzen tot energiekosten. Deze grondstoffen dienen als basis voor diverse industrie\u00ebn en bieden de essenti\u00eble input voor productie, energieopwekking en landbouw. De interactie tussen vraag en aanbod bepaalt de prijs van grondstoffen, waardoor ze gevoelig zijn voor uiteenlopende factoren zoals weersomstandigheden, technologische vooruitgang en geopolitieke spanningen. Een droogte in een belangrijk landbouwgebied kan bijvoorbeeld de graanprijzen doen stijgen, terwijl geopolitieke conflicten de olievoorziening kunnen verstoren en schommelingen in energieprijzen kunnen veroorzaken. Inzicht in deze dynamiek is cruciaal voor handelaren en investeerders die effectief door de grondstoffenmarkt willen navigeren. Door economische indicatoren, markttrends en industri\u00eble ontwikkelingen te analyseren, kunnen handelaren weloverwogen beslissingen nemen die aansluiten bij hun beleggingsstrategie\u00ebn. Terwijl de wereld blijft veranderen, blijft het belang van grondstoffen bestaan, wat het essentieel maakt voor investeerders om ge\u00efnformeerd en flexibel te blijven in dit voortdurend veranderende landschap.<\/p>\r\n\t  <\/div>\r\n\t  <div class=\"col-lg-3\">\r\n\t\t<img decoding=\"async\" class=\"img-fluid\" src=\"\/wp-content\/themes\/website-theme\/images\/comm-img-02.webp\" alt=\"\">\r\n      <\/div>\r\n\t<\/div>\r\n   <\/div>\r\n<\/div>\r\n\r\n<\/div>\r\n","protected":false},"excerpt":{"rendered":"De Wereld van Grondstoffenhandel Verkennen: Kansen, Strategie\u00ebn en Inzichten De handel in grondstoffen biedt een dynamisch speelveld voor investeerders die hun portefeuille willen diversifi\u00ebren en willen profiteren van marktfluctuaties. Deze markt omvat een breed scala aan tastbare activa, waaronder landbouwproducten, metalen en energiebronnen, die elk worden be\u00efnvloed door unieke factoren zoals mondiale vraag en aanbod, &hellip;","protected":false},"author":1,"featured_media":0,"parent":0,"menu_order":0,"comment_status":"closed","ping_status":"closed","template":"fullwidth-page.php","meta":{"footnotes":""},"class_list":["post-433","page","type-page","status-publish","hentry"],"_links":{"self":[{"href":"https:\/\/markelio-global.com\/nl\/wp-json\/wp\/v2\/pages\/433","targetHints":{"allow":["GET"]}}],"collection":[{"href":"https:\/\/markelio-global.com\/nl\/wp-json\/wp\/v2\/pages"}],"about":[{"href":"https:\/\/markelio-global.com\/nl\/wp-json\/wp\/v2\/types\/page"}],"author":[{"embeddable":true,"href":"https:\/\/markelio-global.com\/nl\/wp-json\/wp\/v2\/users\/1"}],"replies":[{"embeddable":true,"href":"https:\/\/markelio-global.com\/nl\/wp-json\/wp\/v2\/comments?post=433"}],"version-history":[{"count":3,"href":"https:\/\/markelio-global.com\/nl\/wp-json\/wp\/v2\/pages\/433\/revisions"}],"predecessor-version":[{"id":622,"href":"https:\/\/markelio-global.com\/nl\/wp-json\/wp\/v2\/pages\/433\/revisions\/622"}],"wp:attachment":[{"href":"https:\/\/markelio-global.com\/nl\/wp-json\/wp\/v2\/media?parent=433"}],"curies":[{"name":"wp","href":"https:\/\/api.w.org\/{rel}","templated":true}]}}