{"id":439,"date":"2024-09-26T13:04:28","date_gmt":"2024-09-26T13:04:28","guid":{"rendered":"https:\/\/deal-traders.com\/contact-us\/"},"modified":"2025-06-20T11:06:08","modified_gmt":"2025-06-20T11:06:08","slug":"contact-us","status":"publish","type":"page","link":"https:\/\/markelio-global.com\/nl\/contact-us\/","title":{"rendered":"Contact"},"content":{"rendered":"<div class=\"inner-page-wrap contact-us-page extra-space\">\r\n  <div class=\"container\">\r\n    <div class=\"row\">\r\n    <div class=\"col-xl-8\">\r\n       <h3>Neem contact op<\/h3>\r\n       <h2>Stuur mij een bericht<\/h2>\r\n       <div class=\"cp-form\">\r\n          <div class=\"content_block\" id=\"custom_post_widget-328\"><style>\r\n.inner-page-wrap.contact-us-page .cp-form .form-group{position:relative;}\r\nlabel.error {\r\n    position: absolute;\r\n    color: #ffffff;\r\n    font-size: 12px;\r\n    left: auto;\r\n    right: 0;\r\n    text-align: right;\r\n    background: #ff0000;\r\n    padding: 0 13px;\r\n    bottom: -17px;\r\n}\r\nlabel.error:before {\r\n    border-bottom: solid 8px rgb(200, 30, 50);\r\n    border-left: solid 8px transparent;\r\n    border-right: solid 7px transparent;\r\n    content: \"\";\r\n    position: absolute;\r\n    top: -8px;\r\n    right: 0;\r\n}\r\n#hiddenRecaptcha-error {\r\n    left: 0px;\r\n    right: unset;\r\n}\r\n#hiddenRecaptcha-error::before {\r\n    border-bottom: solid 8px rgb(200, 30, 50);\r\n    border-left: solid 8px transparent;\r\n    border-right: solid 7px transparent;\r\n    content: \"\";\r\n    position: absolute;\r\n    top: -8px;\r\n    right: unset;\r\n    left: 0px;\r\n}\r\n<\/style>\r\n\t\r\n<form class=\"form has-validation-callback\" id=\"reg_form\" method=\"post\" >\r\n   <div class=\"row\">\r\n            <div class=\"col-md-6\">\r\n              <div class=\"form-group\">\r\n                <input type=\"text\" name=\"co_name\" id=\"co_name\"  class=\"form-control\" placeholder=\"Voornaam\">\r\n              <\/div>\r\n            <\/div>\r\n             <div class=\"col-md-6\">\r\n              <div class=\"form-group\">\r\n                <input type=\"email\" name=\"co_email\" id=\"co_email\" class=\"form-control\" placeholder=\"E-mail\">\r\n              <\/div>\r\n            <\/div>\r\n            <div class=\"col-md-6\">\r\n              <div class=\"form-group\">\r\n                 <select name=\"co_country\" id=\"real-country\" class=\"form-control form-select\" onchange=\"change(this.value)\">\r\n\t\t\t\t <option value=\"US\">\r\n            United States          <\/option>\r\n          <option value=\"AF\">Afghanistan<\/option><option value=\"AX\">Aland Islands<\/option><option value=\"AL\">Albania<\/option><option value=\"DZ\">Algeria<\/option><option value=\"AS\">American Samoa<\/option><option value=\"AD\">Andorra<\/option><option value=\"AO\">Angola<\/option><option value=\"AI\">Anguilla<\/option><option value=\"AQ\">Antarctica<\/option><option value=\"AG\">Antigua and Barbuda<\/option><option value=\"AR\">Argentina<\/option><option value=\"AM\">Armenia<\/option><option value=\"AW\">Aruba<\/option><option value=\"AU\">Australia<\/option><option value=\"AT\">Austria<\/option><option value=\"AZ\">Azerbaijan<\/option><option value=\"BS\">Bahamas<\/option><option value=\"BH\">Bahrain<\/option><option value=\"BD\">Bangladesh<\/option><option value=\"BB\">Barbados<\/option><option value=\"BY\">Belarus<\/option><option value=\"BE\">Belgium<\/option><option value=\"BZ\">Belize<\/option><option value=\"BJ\">Benin<\/option><option value=\"BM\">Bermuda<\/option><option value=\"BT\">Bhutan<\/option><option value=\"BO\">Bolivia<\/option><option value=\"BA\">Bosnia and Herzegovina<\/option><option value=\"BW\">Botswana<\/option><option value=\"BV\">Bouvet Island<\/option><option value=\"BR\">Brazil<\/option><option value=\"IO\">British Indian Ocean Territory<\/option><option value=\"BN\">Brunei<\/option><option value=\"BG\">Bulgaria<\/option><option value=\"BF\">Burkina Faso<\/option><option value=\"BI\">Burundi<\/option><option value=\"KH\">Cambodia<\/option><option value=\"CM\">Cameroon<\/option><option value=\"CA\">Canada<\/option><option value=\"CV\">Cape Verde<\/option><option value=\"KY\">Cayman Islands<\/option><option value=\"CF\">Central African Republic<\/option><option value=\"TD\">Chad<\/option><option value=\"CL\">Chile<\/option><option value=\"CN\">China<\/option><option value=\"CX\">Christmas Island<\/option><option value=\"CC\">Cocos (Keeling) Islands<\/option><option value=\"CO\">Colombia<\/option><option value=\"KM\">Comoros<\/option><option value=\"CG\">Congo (Brazzaville)<\/option><option value=\"CD\">Congo The Democratic Republic Of The<\/option><option value=\"CK\">Cook Islands<\/option><option value=\"CR\">Costa Rica<\/option><option value=\"CI\">Cote D&#8217;Ivoire<\/option><option value=\"HR\">Croatia<\/option><option value=\"CU\">Cuba<\/option><option value=\"CY\">Cyprus<\/option><option value=\"CZ\">Czech Republic<\/option><option value=\"DK\">Denmark<\/option><option value=\"DJ\">Djibouti<\/option><option value=\"DM\">Dominica<\/option><option value=\"DO\">Dominican Republic<\/option><option value=\"EC\">Ecuador<\/option><option value=\"EG\">Egypt<\/option><option value=\"SV\">El Salvador<\/option><option value=\"GQ\">Equatorial Guinea<\/option><option value=\"ER\">Eritrea<\/option><option value=\"EE\">Estonia<\/option><option value=\"ET\">Ethiopia<\/option><option value=\"FK\">Falkland Islands<\/option><option value=\"FO\">Faroe Islands<\/option><option value=\"FJ\">Fiji<\/option><option value=\"FI\">Finland<\/option><option value=\"FR\">France<\/option><option value=\"GF\">French Guiana<\/option><option value=\"PF\">French Polynesia<\/option><option value=\"TF\">French Southern Territories<\/option><option value=\"GA\">Gabon<\/option><option value=\"GM\">Gambia<\/option><option value=\"GE\">Georgia<\/option><option value=\"DE\">Germany<\/option><option value=\"GH\">Ghana<\/option><option value=\"GI\">Gibraltar<\/option><option value=\"GR\">Greece<\/option><option value=\"GL\">Greenland<\/option><option value=\"GD\">Grenada<\/option><option value=\"GP\">Guadeloupe<\/option><option value=\"GU\">Guam<\/option><option value=\"GT\">Guatemala<\/option><option value=\"GG\">Guernsey<\/option><option value=\"GN\">Guinea<\/option><option value=\"GW\">Guinea-Bissau<\/option><option value=\"GY\">Guyana<\/option><option value=\"HT\">Haiti<\/option><option value=\"HM\">Heard Island and McDonald Islands<\/option><option value=\"VA\">Vatican<\/option><option value=\"HN\">Honduras<\/option><option value=\"HK\">Hong Kong<\/option><option value=\"HU\">Hungary<\/option><option value=\"IS\">Iceland<\/option><option value=\"IN\">India<\/option><option value=\"ID\">Indonesia<\/option><option value=\"IR\">Iran Islamic Republic Of<\/option><option value=\"IQ\">Iraq<\/option><option value=\"IE\">Ireland<\/option><option value=\"IM\">Isle of Man<\/option><option value=\"IL\">Israel<\/option><option value=\"IT\">Italy<\/option><option value=\"JM\">Jamaica<\/option><option value=\"JP\">Japan<\/option><option value=\"JE\">Jersey<\/option><option value=\"JO\">Jordan<\/option><option value=\"KZ\">Kazakhstan<\/option><option value=\"KE\">Kenya<\/option><option value=\"KI\">Kiribati<\/option><option value=\"KP\">Korea Democratic People&#8217;S Republic Of<\/option><option value=\"KR\">Korea Republic Of<\/option><option value=\"KW\">Kuwait<\/option><option value=\"KG\">Kyrgyzstan<\/option><option value=\"LA\">Lao People&#8217;S Democratic Republic\n<\/option><option value=\"LV\">Latvia<\/option><option value=\"LB\">Lebanon<\/option><option value=\"LS\">Lesotho<\/option><option value=\"LR\">Liberia<\/option><option value=\"LY\">Libyan Arab Jamahiriya<\/option><option value=\"LI\">Liechtenstein<\/option><option value=\"LT\">Lithuania<\/option><option value=\"LU\">Luxembourg<\/option><option value=\"MO\">Macao<\/option><option value=\"MK\">Macedonia The Former Yugoslav Republic Of<\/option><option value=\"MG\">Madagascar<\/option><option value=\"MW\">Malawi<\/option><option value=\"MY\">Malaysia<\/option><option value=\"MV\">Maldives<\/option><option value=\"ML\">Mali<\/option><option value=\"MT\">Malta<\/option><option value=\"MH\">Marshall Islands<\/option><option value=\"MQ\">Martinique<\/option><option value=\"MR\">Mauritania<\/option><option value=\"MU\">Mauritius<\/option><option value=\"YT\">Mayotte<\/option><option value=\"MX\">Mexico<\/option><option value=\"FM\">Micronesia Federated States Of<\/option><option value=\"MD\">Moldova Republic Of<\/option><option value=\"MC\">Monaco<\/option><option value=\"MN\">Mongolia<\/option><option value=\"MS\">Montserrat<\/option><option value=\"MA\">Morocco<\/option><option value=\"MZ\">Mozambique<\/option><option value=\"MM\">Myanmar<\/option><option value=\"NA\">Namibia<\/option><option value=\"NR\">Nauru<\/option><option value=\"NP\">Nepal<\/option><option value=\"NL\">Netherlands<\/option><option value=\"AN\">Netherlands Antilles<\/option><option value=\"NC\">New Caledonia<\/option><option value=\"NZ\">New Zealand<\/option><option value=\"NI\">Nicaragua<\/option><option value=\"NE\">Niger<\/option><option value=\"NG\">Nigeria<\/option><option value=\"NU\">Niue<\/option><option value=\"NF\">Norfolk Island<\/option><option value=\"MP\">Northern Mariana Islands<\/option><option value=\"NO\">Norway<\/option><option value=\"OM\">Oman<\/option><option value=\"PK\">Pakistan<\/option><option value=\"PW\">Palau<\/option><option value=\"PS\">Palestinian Territory Occupied<\/option><option value=\"PA\">Panama<\/option><option value=\"PG\">Papua New Guinea<\/option><option value=\"PY\">Paraguay<\/option><option value=\"PE\">Peru<\/option><option value=\"PH\">Philippines<\/option><option value=\"PN\">Pitcairn<\/option><option value=\"PL\">Poland<\/option><option value=\"PT\">Portugal<\/option><option value=\"PR\">Puerto Rico<\/option><option value=\"QA\">Qatar<\/option><option value=\"RE\">Reunion<\/option><option value=\"RO\">Romania<\/option><option value=\"RU\">Russian Federation\n<\/option><option value=\"RW\">Rwanda<\/option><option value=\"SH\">Saint Helena<\/option><option value=\"KN\">Saint Kitts and Nevis<\/option><option value=\"LC\">Saint Lucia<\/option><option value=\"PM\">Saint Pierre and Miquelon<\/option><option value=\"VC\">Saint Vincent and the Grenadines<\/option><option value=\"WS\">Samoa<\/option><option value=\"SM\">San Marino<\/option><option value=\"ST\">Sao Tome and Principe<\/option><option value=\"SA\">Saudi Arabia<\/option><option value=\"SN\">Senegal<\/option><option value=\"RS\">Serbia And Montenegro<\/option><option value=\"SC\">Seychelles<\/option><option value=\"SL\">Sierra Leone<\/option><option value=\"SG\">Singapore<\/option><option value=\"SK\">Slovakia<\/option><option value=\"SI\">Slovenia<\/option><option value=\"SB\">Solomon Islands<\/option><option value=\"SO\">Somalia<\/option><option value=\"ZA\">South Africa<\/option><option value=\"GS\">South Georgia and the South Sandwich Islands<\/option><option value=\"ES\">Spain<\/option><option value=\"LK\">Sri Lanka<\/option><option value=\"SD\">Sudan<\/option><option value=\"SR\">Suriname<\/option><option value=\"SJ\">Svalbard and Jan Mayen<\/option><option value=\"SZ\">Swaziland<\/option><option value=\"SE\">Sweden<\/option><option value=\"CH\">Switzerland<\/option><option value=\"SY\">Syrian Arab Republic\n<\/option><option value=\"TW\">Taiwan Province Of China<\/option><option value=\"TJ\">Tajikistan<\/option><option value=\"TZ\">Tanzania United Republic Of<\/option><option value=\"TH\">Thailand<\/option><option value=\"TL\">Timor-Leste<\/option><option value=\"TG\">Togo<\/option><option value=\"TK\">Tokelau<\/option><option value=\"TO\">Tonga<\/option><option value=\"TT\">Trinidad and Tobago<\/option><option value=\"TN\">Tunisia<\/option><option value=\"TR\">Turkey<\/option><option value=\"TM\">Turkmenistan<\/option><option value=\"TC\">Turks and Caicos Islands<\/option><option value=\"TV\">Tuvalu<\/option><option value=\"UG\">Uganda<\/option><option value=\"UA\">Ukraine<\/option><option value=\"AE\">United Arab Emirates<\/option><option value=\"GB\">United Kingdom<\/option><option value=\"US\">United States<\/option><option value=\"UM\">United States Minor Outlying Islands<\/option><option value=\"UY\">Uruguay<\/option><option value=\"UZ\">Uzbekistan<\/option><option value=\"VU\">Vanuatu<\/option><option value=\"VE\">Venezuela<\/option><option value=\"VN\">Viet Nam<\/option><option value=\"VG\">Virgin Islands British<\/option><option value=\"VI\">Virgin Islands U.S.<\/option><option value=\"WF\">Wallis and Futuna<\/option><option value=\"EH\">Western Sahara<\/option><option value=\"YE\">Yemen<\/option><option value=\"ZM\">Zambia<\/option><option value=\"ZW\">Zimbabwe<\/option>                 <\/select>\r\n\t\t\t<\/div>\r\n            <\/div>\r\n            <div class=\"col-md-6\">\r\n              <div class=\"form-group\">\r\n                <div class=\"clearfix\">\r\n                  <input class=\"form-control country-code\" name=\"country_code_cont\" id=\"real-countrycode-contact\" type=\"text\" value=\"+1\"  >\r\n                  <input class=\"form-control ph-number error\" name=\"co_phone\" id=\"co_phone\" data-validation-length=\"5-12\" data-validation=\"length,number\"  type=\"text\" placeholder=\"Telefoonnummer\">\r\n                <\/div>\r\n              <\/div>\r\n            <\/div>\r\n            <div class=\"col-md-12\">\r\n              <div class=\"form-group\">\r\n\t\t\t     <textarea name=\"co_comment\" id=\"co_comment\" placeholder=\"Bericht\" class=\"form-control form-comment\" data-validation=\"required\" data-validation-error-msg=\"Please provide above details\"><\/textarea>\r\n\t\t\t  <\/div>\r\n            <\/div>\r\n\r\n            <!-- AT-854 -->\r\n            <div class=\"col-md-6 col-sm-8 col-7\">\r\n              <div class=\"form-group form-group-captcha\">\r\n                <div class=\"clearfix mt-20\">\r\n                   <div class=\"security-code-wrapp\">\r\n                      <input placeholder=\"Voer de beveiligingscode in\" type=\"text\" name=\"captcha_code\" id=\"captcha_code1\" class=\"form-control\" data-validation=\"required\" data-validation-error-msg=\"Please provide above details\">\r\n                   <\/div>\r\n                <\/div>\r\n              <\/div>\r\n            <\/div>\r\n\r\n             <div class=\"col-md-6 col-sm-4 col-5\">\r\n               <div class=\"captcha-wrapp\" style=\"margin: auto\">\r\n                   <img decoding=\"async\" src=\"\/captcha.php\" id=\"captchacode1\" class=\"refresh_captcha\">\r\n                   <img decoding=\"async\" src=\"\/wp-content\/themes\/website-theme\/images\/refresh.webp\" class=\"refresh_captcha\">\r\n               <\/div>\r\n               <span class=\"help-block form-error\" id=\"error-captcha-code\"><\/span>\r\n\t\t    <\/div>\r\n            <!-- AT-854 -->\r\n\r\n\t\t\t<div class=\"col-md-12\">\r\n               <button type=\"submit\" name=\"co_submit1\" id=\"co_submit1\" class=\"common-btn white\">Versturen<\/button>\r\n\t\t\t   <div class=\"page-loader\" id=\"img\" style=\"display: none;\">\r\n          <i class=\"fa fa-spinner fa-pulse fa-3x fa-fw\"><\/i>\r\n        <\/div>\r\n\t\t\t<\/div>\r\n            \r\n\t\t\t<div class=\"clearfix\"><\/div>\r\n      <\/div>\r\n<\/form>\r\n<div class=\"modal\" id=\"thankyouModal\" style=\"display: none;\">\r\n  <div class=\"modal-dialog modal-dialog-centered\">\r\n    <div class=\"modal-content text-center\">\r\n\r\n      <!-- Modal Header -->\r\n      <div class=\"modal-header\">\r\n        <img decoding=\"async\" src=\"\/wp-content\/themes\/website-theme\/images\/thank-you.webp\" class=\"img-fluid imgcenter\" alt=\"\">\r\n        <!--<button type=\"button\" class=\"btn-close\" data-bs-dismiss=\"modal\"><\/button>-->\r\n      <\/div>\r\n\r\n      <!-- Modal body -->\r\n      <div class=\"modal-body\">\r\n\t  <p class=\"text-center\">Je bericht is succesvol verzonden. We nemen binnenkort contact met je op!<\/p>\r\n<a class=\"\" href=\"\/nl\" style=\"width:auto;\">Keer terug naar de startpagina<\/a>\r\n\r\n      <\/div>\r\n    <\/div>\r\n  <\/div>\r\n<\/div>\r\n\r\n<script>\r\n\r\n  function change(str) {\r\n    jQuery.noConflict();\r\n    jQuery.ajax({\r\n      url: \"\/getuser.php\",\r\n      type: \"post\",\r\n      data: \"q=\" + str,\r\n      success: function (a) {\r\n        \/\/console.log(a);\r\n        jQuery(\"#real-countrycode-contact\").val(a);\r\n      }\r\n    });\r\n  };\r\n\r\n  console.log(\"English contact form\");\r\n\r\n  function recaptchaCallback() {\r\n    $('#hiddenRecaptcha').valid();\r\n  };\r\n  jQuery(document).ready(function ($) {\r\n\r\n    \/\/ AT-854\r\n    var hiddencaptcha1 = \"\";\r\n\r\n    function generate_captcha() {\r\n      var randomValue = Math.floor(10000 + Math.random() * 90000); \/\/ Generate random number between 10000 and 99999\r\n\r\n      \/\/ Replace this with full path to CI captcha generator\r\n      var captchaUrl = \"https:\/\/clientzone.markelio-global.com\/nl\/real\/captcha?verify_captcha=\" + randomValue;\r\n\r\n      $('#captchacode1').attr('src', captchaUrl);\r\n\r\n      \/\/ Save the expected code for validation\r\n      hiddencaptcha1 = randomValue.toString(); \/\/ Keep it as string for safe comparison\r\n    }\r\n\r\n    \/\/ On page load\r\n    generate_captcha();\r\n\r\n    \/\/ On refresh icon click\r\n    $('.refresh_captcha').on('click', function () {\r\n      generate_captcha();\r\n    });\r\n    \/\/ AT-854\r\n\r\n    $.validator.addMethod(\"IsName\", function (value, element) {\r\n      var pattern = \/^[a-zA-Z\\u0600-\\u06FF\u00e1\u00c1\u00e9\u00c9\u00ed\u00cd\u00f3\u00d3\u00fa\u00da\u00f1\u00d1]+(?: [a-zA-Z\\u0600-\\u06FF\u00e1\u00c1\u00e9\u00c9\u00ed\u00cd\u00f3\u00d3\u00fa\u00da\u00f1\u00d1]+)*$\/;\r\n      return this.optional(element) || pattern.test(value.trim());\r\n      }, \"Geef geldige gegevens op\");\r\n\r\n    $.validator.addMethod(\"IsEmail\", function(value, element) {\r\n    return this.optional(element) || \/^[a-zA-Z0-9][a-zA-Z0-9._+-]*@[a-zA-Z0-9-]+\\.[a-zA-Z]{2,}$\/i.test(value);\r\n    }, \"Geef geldige gegevens op\");\r\n\r\n    $.validator.addMethod(\"alphanumeric\", function (value, element) {\r\n      return this.optional(element) || \/^(?=.*\\d)(?=.*[A-Za-z])[0-9A-Za-z]{6,15}$\/i.test(value);\r\n    }, \"Password must include 6-15 alphanumeric characters\");\r\n\r\n    $.validator.addMethod(\"IsNumber\", function (value, element) {\r\n      return this.optional(element) || \/^([0-9]{5,17})+$\/i.test(value);\r\n    }, \"Please provide valid details\");\r\n\r\n    $.validator.addMethod(\"NoWhiteSpaceOnly\", function(value, element) {\r\n    value = $.trim(value); \/\/ trim spaces\r\n    \/\/ Check not empty AND length between 10-500\r\n    return value.length >= 10 && value.length <= 500;\r\n    }, \"Voer tussen de 10 en 500 tekens in\");\r\n\r\n    \/\/ AT-854\r\n    $.validator.addMethod(\"validCustomCaptcha\", function (value, element, params) {\r\n      console.log(\"validCustomCaptcha val: \" + value);\r\n      console.log(\"validCustomCaptcha param: \" + params);\r\n      \r\n      return params == value;\r\n    }, \"Ongeldige beveiligingscode\");\r\n\r\n    $('#captcha_code1').on('blur', function () {\r\n      $(this).valid();\r\n    });\r\n\r\n    \/\/ AT-854\r\n\r\n    $(\"#reg_form\").validate({\r\n      ignore: \".ignore\",\r\n      rules: {\r\n        co_name: {\r\n          required: true,\r\n          IsName: true,\r\n        },\r\n        co_email: {\r\n          required: true,\r\n          IsEmail: true,\r\n\r\n        },\r\n        co_phone: {\r\n          required: true,\r\n          IsNumber: true,\r\n          rangelength: [6, 16]\r\n        },\r\n        co_comment: {\r\n          NoWhiteSpaceOnly: true,\r\n        },\r\n        captcha_code: {\r\n          required: true,\r\n          validCustomCaptcha: function () {\r\n            return hiddencaptcha1;\r\n          }\r\n        }\r\n    },\r\n      messages: {\r\n        co_name: \"Geef een geldige naam op\",\r\n        co_email: \"Geef een geldig e-mailadres op\",\r\n        co_phone: \"Geef een geldig telefoonnummer op\",\r\n        co_comment: \"Geef geldige feedback\",\r\n        hiddenRecaptcha: \"Voltooi de verificatie\",\r\n        captcha_code: {\r\n          required: \"Verplichte beveiligingscode\",\r\n          validCustomCaptcha: \"Ongeldige beveiligingscode\"\r\n        }\r\n    },\r\n        submitHandler: function (form) {\r\n         \/\/ AT-854\r\n          let enteredCaptcha = $('#captcha_code1').val().trim();\r\n          let isValidCaptcha = true;\r\n\r\n          if (enteredCaptcha === '') {\r\n            $('#error-captcha-code').text(\"Beveiligingscode vereist\");\r\n            $('#captcha_code1').closest('.form-group-captcha').addClass('has-error');\r\n            isValidCaptcha = false;\r\n          } else if (enteredCaptcha !== hiddencaptcha1) {\r\n            $('#error-captcha-code').text(\"Ongeldige beveiligingscode\");\r\n            $('#captcha_code1').closest('.form-group-captcha').addClass('has-error');\r\n            isValidCaptcha = false;\r\n          } else {\r\n            $('#error-captcha-code').text('');\r\n            $('#captcha_code1').closest('.form-group-captcha').removeClass('has-error');\r\n          }\r\n           \/\/ AT-854\r\n         if (isValidCaptcha) { \/\/ AT-854\r\n           $(\"#co_submit1\").hide();\r\n            $(\".page-loader\").show();\r\n            setTimeout(function () {\r\n              $(\".page-loader\").hide();\r\n              $('#thankyouModal').modal('show');\r\n              form.submit();\r\n            }, 2000);\r\n        } \/\/ AT-854\r\n        }\r\n    });\r\n  });\r\n\r\n<\/script>\r\n<\/div>\r\n       <\/div>\r\n     <\/div>\r\n    \r\n     <div class=\"col-xl-4\">\r\n        <img decoding=\"async\" class=\"img-fluid\" src=\"\/wp-content\/themes\/website-theme\/images\/cont-img.webp\" alt=\"\">\r\n     <\/div>\r\n    <\/div>\r\n  <\/div>\r\n<\/div>\r\n","protected":false},"excerpt":{"rendered":"Neem contact op Stuur mij een bericht","protected":false},"author":1,"featured_media":0,"parent":0,"menu_order":0,"comment_status":"closed","ping_status":"closed","template":"fullwidth-page.php","meta":{"footnotes":""},"class_list":["post-439","page","type-page","status-publish","hentry"],"_links":{"self":[{"href":"https:\/\/markelio-global.com\/nl\/wp-json\/wp\/v2\/pages\/439","targetHints":{"allow":["GET"]}}],"collection":[{"href":"https:\/\/markelio-global.com\/nl\/wp-json\/wp\/v2\/pages"}],"about":[{"href":"https:\/\/markelio-global.com\/nl\/wp-json\/wp\/v2\/types\/page"}],"author":[{"embeddable":true,"href":"https:\/\/markelio-global.com\/nl\/wp-json\/wp\/v2\/users\/1"}],"replies":[{"embeddable":true,"href":"https:\/\/markelio-global.com\/nl\/wp-json\/wp\/v2\/comments?post=439"}],"version-history":[{"count":4,"href":"https:\/\/markelio-global.com\/nl\/wp-json\/wp\/v2\/pages\/439\/revisions"}],"predecessor-version":[{"id":618,"href":"https:\/\/markelio-global.com\/nl\/wp-json\/wp\/v2\/pages\/439\/revisions\/618"}],"wp:attachment":[{"href":"https:\/\/markelio-global.com\/nl\/wp-json\/wp\/v2\/media?parent=439"}],"curies":[{"name":"wp","href":"https:\/\/api.w.org\/{rel}","templated":true}]}}